{"id":73,"date":"2013-09-07T23:21:13","date_gmt":"2013-09-07T23:21:13","guid":{"rendered":"http:\/\/localhost:8888\/test\/?page_id=790"},"modified":"2013-09-07T23:21:13","modified_gmt":"2013-09-07T23:21:13","slug":"track-order","status":"publish","type":"page","link":"https:\/\/markryden.is\/en\/track-order\/","title":{"rendered":"Track your order"},"content":{"rendered":"<div class=\"woocommerce\">\n<form action=\"https:\/\/markryden.is\/en\/track-order\/\" method=\"post\" class=\"woocommerce-form woocommerce-form-track-order track_order\">\n\n\t\n\t<p>To track your order please enter your Order ID in the box below and press the &quot;Track&quot; button. This was given to you on your receipt and in the confirmation email you should have received.<\/p>\n\n\t<p class=\"form-row form-row-first\"><label for=\"orderid\">Order ID<\/label> <input class=\"input-text\" type=\"text\" name=\"orderid\" id=\"orderid\" value=\"\" placeholder=\"Found in your order confirmation email.\" \/><\/p>\t<p class=\"form-row form-row-last\"><label for=\"order_email\">Billing email<\/label> <input class=\"input-text\" type=\"text\" name=\"order_email\" id=\"order_email\" value=\"\" placeholder=\"Email you used during checkout.\" \/><\/p>\t<div class=\"clear\"><\/div>\n\n\t\n\t<p class=\"form-row\"><button type=\"submit\" class=\"button\" name=\"track\" value=\"Track\">Track<\/button><\/p>\n\t<input type=\"hidden\" id=\"woocommerce-order-tracking-nonce\" name=\"woocommerce-order-tracking-nonce\" value=\"da3b008781\" \/><input type=\"hidden\" name=\"_wp_http_referer\" value=\"\/en\/wp-json\/wp\/v2\/pages\/73\" \/>\n\t\n<\/form>\n<\/div>\n","protected":false},"excerpt":{"rendered":"","protected":false},"author":1,"featured_media":0,"parent":0,"menu_order":0,"comment_status":"closed","ping_status":"closed","template":"page-my-account.php","meta":{"footnotes":""},"class_list":["post-73","page","type-page","status-publish","hentry"],"yoast_head":"<!-- This site is optimized with the Yoast SEO Premium plugin v21.5 (Yoast SEO v27.4) - https:\/\/yoast.com\/product\/yoast-seo-premium-wordpress\/ -->\n<title>Track your order - Mark Ryden<\/title>\n<meta name=\"robots\" content=\"index, follow, max-snippet:-1, max-image-preview:large, max-video-preview:-1\" \/>\n<link rel=\"canonical\" href=\"https:\/\/www.vorulagerinn.is\/heildsala\/en\/track-order\/\" \/>\n<meta property=\"og:locale\" content=\"en_US\" \/>\n<meta property=\"og:type\" content=\"article\" \/>\n<meta property=\"og:title\" content=\"Track your order\" \/>\n<meta property=\"og:url\" content=\"https:\/\/www.vorulagerinn.is\/heildsala\/en\/track-order\/\" \/>\n<meta property=\"og:site_name\" content=\"Mark Ryden\" \/>\n<meta property=\"article:publisher\" content=\"https:\/\/www.facebook.com\/markrydeniceland\" \/>\n<meta name=\"twitter:card\" content=\"summary_large_image\" \/>\n<script type=\"application\/ld+json\" class=\"yoast-schema-graph\">{\"@context\":\"https:\\\/\\\/schema.org\",\"@graph\":[{\"@type\":\"WebPage\",\"@id\":\"https:\\\/\\\/www.vorulagerinn.is\\\/heildsala\\\/en\\\/track-order\\\/\",\"url\":\"https:\\\/\\\/www.vorulagerinn.is\\\/heildsala\\\/en\\\/track-order\\\/\",\"name\":\"Track your order - Mark Ryden\",\"isPartOf\":{\"@id\":\"https:\\\/\\\/markryden.is\\\/#website\"},\"datePublished\":\"2013-09-07T23:21:13+00:00\",\"breadcrumb\":{\"@id\":\"https:\\\/\\\/www.vorulagerinn.is\\\/heildsala\\\/en\\\/track-order\\\/#breadcrumb\"},\"inLanguage\":\"en-US\",\"potentialAction\":[{\"@type\":\"ReadAction\",\"target\":[\"https:\\\/\\\/www.vorulagerinn.is\\\/heildsala\\\/en\\\/track-order\\\/\"]}]},{\"@type\":\"BreadcrumbList\",\"@id\":\"https:\\\/\\\/www.vorulagerinn.is\\\/heildsala\\\/en\\\/track-order\\\/#breadcrumb\",\"itemListElement\":[{\"@type\":\"ListItem\",\"position\":1,\"name\":\"Home\",\"item\":\"https:\\\/\\\/markryden.is\\\/\"},{\"@type\":\"ListItem\",\"position\":2,\"name\":\"Track your order\"}]},{\"@type\":\"WebSite\",\"@id\":\"https:\\\/\\\/markryden.is\\\/#website\",\"url\":\"https:\\\/\\\/markryden.is\\\/\",\"name\":\"Mark Ryden\",\"description\":\"H&aacute;g&aelig;&eth;a og vanda&eth;ar t&ouml;skur sem endast\",\"publisher\":{\"@id\":\"https:\\\/\\\/markryden.is\\\/#organization\"},\"potentialAction\":[{\"@type\":\"SearchAction\",\"target\":{\"@type\":\"EntryPoint\",\"urlTemplate\":\"https:\\\/\\\/markryden.is\\\/?s={search_term_string}\"},\"query-input\":{\"@type\":\"PropertyValueSpecification\",\"valueRequired\":true,\"valueName\":\"search_term_string\"}}],\"inLanguage\":\"en-US\"},{\"@type\":\"Organization\",\"@id\":\"https:\\\/\\\/markryden.is\\\/#organization\",\"name\":\"H\u00e1g\u00e6\u00f0a og vanda\u00f0ar v\u00f6rur sem endast\",\"url\":\"https:\\\/\\\/markryden.is\\\/\",\"logo\":{\"@type\":\"ImageObject\",\"inLanguage\":\"en-US\",\"@id\":\"https:\\\/\\\/markryden.is\\\/#\\\/schema\\\/logo\\\/image\\\/\",\"url\":\"https:\\\/\\\/markryden.is\\\/wp-content\\\/uploads\\\/2024\\\/08\\\/66_130x@2x-1.avif\",\"contentUrl\":\"https:\\\/\\\/markryden.is\\\/wp-content\\\/uploads\\\/2024\\\/08\\\/66_130x@2x-1.avif\",\"width\":260,\"height\":74,\"caption\":\"H\u00e1g\u00e6\u00f0a og vanda\u00f0ar v\u00f6rur sem endast\"},\"image\":{\"@id\":\"https:\\\/\\\/markryden.is\\\/#\\\/schema\\\/logo\\\/image\\\/\"},\"sameAs\":[\"https:\\\/\\\/www.facebook.com\\\/markrydeniceland\"]}]}<\/script>\n<!-- \/ Yoast SEO Premium plugin. -->","yoast_head_json":{"title":"Track your order - Mark Ryden","robots":{"index":"index","follow":"follow","max-snippet":"max-snippet:-1","max-image-preview":"max-image-preview:large","max-video-preview":"max-video-preview:-1"},"canonical":"https:\/\/www.vorulagerinn.is\/heildsala\/en\/track-order\/","og_locale":"en_US","og_type":"article","og_title":"Track your order","og_url":"https:\/\/www.vorulagerinn.is\/heildsala\/en\/track-order\/","og_site_name":"Mark Ryden","article_publisher":"https:\/\/www.facebook.com\/markrydeniceland","twitter_card":"summary_large_image","schema":{"@context":"https:\/\/schema.org","@graph":[{"@type":"WebPage","@id":"https:\/\/www.vorulagerinn.is\/heildsala\/en\/track-order\/","url":"https:\/\/www.vorulagerinn.is\/heildsala\/en\/track-order\/","name":"Track your order - Mark Ryden","isPartOf":{"@id":"https:\/\/markryden.is\/#website"},"datePublished":"2013-09-07T23:21:13+00:00","breadcrumb":{"@id":"https:\/\/www.vorulagerinn.is\/heildsala\/en\/track-order\/#breadcrumb"},"inLanguage":"en-US","potentialAction":[{"@type":"ReadAction","target":["https:\/\/www.vorulagerinn.is\/heildsala\/en\/track-order\/"]}]},{"@type":"BreadcrumbList","@id":"https:\/\/www.vorulagerinn.is\/heildsala\/en\/track-order\/#breadcrumb","itemListElement":[{"@type":"ListItem","position":1,"name":"Home","item":"https:\/\/markryden.is\/"},{"@type":"ListItem","position":2,"name":"Track your order"}]},{"@type":"WebSite","@id":"https:\/\/markryden.is\/#website","url":"https:\/\/markryden.is\/","name":"Mark Ryden","description":"H&aacute;g&aelig;&eth;a og vanda&eth;ar t&ouml;skur sem endast","publisher":{"@id":"https:\/\/markryden.is\/#organization"},"potentialAction":[{"@type":"SearchAction","target":{"@type":"EntryPoint","urlTemplate":"https:\/\/markryden.is\/?s={search_term_string}"},"query-input":{"@type":"PropertyValueSpecification","valueRequired":true,"valueName":"search_term_string"}}],"inLanguage":"en-US"},{"@type":"Organization","@id":"https:\/\/markryden.is\/#organization","name":"H\u00e1g\u00e6\u00f0a og vanda\u00f0ar v\u00f6rur sem endast","url":"https:\/\/markryden.is\/","logo":{"@type":"ImageObject","inLanguage":"en-US","@id":"https:\/\/markryden.is\/#\/schema\/logo\/image\/","url":"https:\/\/markryden.is\/wp-content\/uploads\/2024\/08\/66_130x@2x-1.avif","contentUrl":"https:\/\/markryden.is\/wp-content\/uploads\/2024\/08\/66_130x@2x-1.avif","width":260,"height":74,"caption":"H\u00e1g\u00e6\u00f0a og vanda\u00f0ar v\u00f6rur sem endast"},"image":{"@id":"https:\/\/markryden.is\/#\/schema\/logo\/image\/"},"sameAs":["https:\/\/www.facebook.com\/markrydeniceland"]}]}},"_links":{"self":[{"href":"https:\/\/markryden.is\/en\/wp-json\/wp\/v2\/pages\/73","targetHints":{"allow":["GET"]}}],"collection":[{"href":"https:\/\/markryden.is\/en\/wp-json\/wp\/v2\/pages"}],"about":[{"href":"https:\/\/markryden.is\/en\/wp-json\/wp\/v2\/types\/page"}],"author":[{"embeddable":true,"href":"https:\/\/markryden.is\/en\/wp-json\/wp\/v2\/users\/1"}],"replies":[{"embeddable":true,"href":"https:\/\/markryden.is\/en\/wp-json\/wp\/v2\/comments?post=73"}],"version-history":[{"count":0,"href":"https:\/\/markryden.is\/en\/wp-json\/wp\/v2\/pages\/73\/revisions"}],"wp:attachment":[{"href":"https:\/\/markryden.is\/en\/wp-json\/wp\/v2\/media?parent=73"}],"curies":[{"name":"wp","href":"https:\/\/api.w.org\/{rel}","templated":true}]}}