{"id":24167,"date":"2025-07-13T09:19:51","date_gmt":"2025-07-13T09:19:51","guid":{"rendered":"https:\/\/markryden.is\/product\/classic-i\/"},"modified":"2025-09-20T20:08:21","modified_gmt":"2025-09-20T20:08:21","slug":"classic-i","status":"publish","type":"product","link":"https:\/\/markryden.is\/en\/product\/classic-i\/","title":{"rendered":"Classic I er v\u00f6ndu\u00f0 15,6&#8243; fart\u00f6lvutaska me\u00f0 YKK rennil\u00e1sum"},"content":{"rendered":"","protected":false},"excerpt":{"rendered":"<p>V\u00f6ndu\u00f0 Classic I fart\u00f6lvutaska fr\u00e1 Mark Ryden fyrir allt a\u00f0 15,6\u2033 fart\u00f6lvur. Taskan er me\u00f0 st\u00f3rum vasa a\u00f0 framan. Fyrir aftan er renndur vasi me\u00f0 tveimur opnum v\u00f6sum og g\u00f3\u00f0u r\u00fdmi sem getur teki\u00f0 9.7\u201d spjaldt\u00f6lvur. Innra r\u00fdmi t\u00f6skunnar er me\u00f0 fart\u00f6lvuh\u00f3lfi fyrir allt a\u00f0 15,6 tommur a\u00f0 st\u00e6r\u00f0 og g\u00f3\u00f0u r\u00fdmi \u00fear fyrir framan. \u00c1 bakhli\u00f0 t\u00f6skunnar er festing fyrir fer\u00f0at\u00f6skur svo au\u00f0velt a\u00f0 fer\u00f0ast me\u00f0 hana fasta vi\u00f0 handfang fer\u00f0at\u00f6skunnar \u00ed fer\u00f0alaginu. H\u00e1g\u00e6\u00f0a YKK rennil\u00e1sar sem eru \u00feeir bestu \u00e1 marka\u00f0inum og duga 15x lengur. Fart\u00f6lvutaska \u00e6tti a\u00f0 henta \u00fe\u00f6rfum flestra.<\/p>\n<p>\u200c- Sj\u00e1 myndband ne\u00f0ar \u00e1 s\u00ed\u00f0u<br \/>\n\u2013 Litur: Svartur<br \/>\n\u2013 St\u00e6r\u00f0: 41 x 30,5 x 7cm<br \/>\n\u2013 \u00deyngd: 0,69 kg<br \/>\n\u2013 Efni: Oxford efni, vatnhelt, slit\u00feoli\u00f0 og au\u00f0velt \u00ed \u00ferifum<br \/>\n\u2013 H\u00e1g\u00e6\u00f0a YKK rennil\u00e1sar sem duga 15x lengur<\/p>\n","protected":false},"featured_media":24153,"template":"","meta":[],"product_brand":[411],"product_cat":[400],"product_tag":[],"class_list":{"0":"post-24167","1":"product","2":"type-product","3":"status-publish","4":"has-post-thumbnail","6":"product_brand-mark-ryden","7":"product_cat-fartolvutoskur","9":"first","10":"instock","11":"taxable","12":"shipping-taxable","13":"purchasable","14":"product-type-simple"},"yoast_head":"<!-- This site is optimized with the Yoast SEO Premium plugin v21.5 (Yoast SEO v27.3) - https:\/\/yoast.com\/product\/yoast-seo-premium-wordpress\/ -->\n<title>Classic I er v\u00f6ndu\u00f0 15,6&quot; fart\u00f6lvutaska me\u00f0 YKK rennil\u00e1sum<\/title>\n<meta name=\"description\" content=\"Classic I fart\u00f6lvutaska fr\u00e1 Mark Ryden er fyrir allt a\u00f0 15,6\u2033 fart\u00f6lvur. St\u00f3r vasi a\u00f0 framan. R\u00fdmi fyrir allt a\u00f0 9.7\u201d spjaldt\u00f6lvur. H\u00e1g\u00e6\u00f0a YKK rennil\u00e1sar.\" \/>\n<meta name=\"robots\" content=\"index, follow, max-snippet:-1, max-image-preview:large, max-video-preview:-1\" \/>\n<link rel=\"canonical\" href=\"https:\/\/markryden.is\/vara\/classic-i\/\" \/>\n<meta property=\"og:locale\" content=\"en_US\" \/>\n<meta property=\"og:type\" content=\"article\" \/>\n<meta property=\"og:title\" content=\"Classic I er v\u00f6ndu\u00f0 15,6&quot; fart\u00f6lvutaska me\u00f0 YKK rennil\u00e1sum\" \/>\n<meta property=\"og:description\" content=\"Classic I fart\u00f6lvutaska fr\u00e1 Mark Ryden er fyrir allt a\u00f0 15,6\u2033 fart\u00f6lvur. St\u00f3r vasi a\u00f0 framan. R\u00fdmi fyrir allt a\u00f0 9.7\u201d spjaldt\u00f6lvur. H\u00e1g\u00e6\u00f0a YKK rennil\u00e1sar.\" \/>\n<meta property=\"og:url\" content=\"https:\/\/markryden.is\/vara\/classic-i\/\" \/>\n<meta property=\"og:site_name\" content=\"Mark Ryden\" \/>\n<meta property=\"article:publisher\" content=\"https:\/\/www.facebook.com\/markrydeniceland\" \/>\n<meta property=\"article:modified_time\" content=\"2025-09-20T20:08:21+00:00\" \/>\n<meta property=\"og:image\" content=\"https:\/\/markryden.is\/wp-content\/uploads\/2025\/07\/MR8001_1.jpg\" \/>\n\t<meta property=\"og:image:width\" content=\"600\" \/>\n\t<meta property=\"og:image:height\" content=\"600\" \/>\n\t<meta property=\"og:image:type\" content=\"image\/jpeg\" \/>\n<meta name=\"twitter:card\" content=\"summary_large_image\" \/>\n<meta name=\"twitter:label1\" content=\"Est. reading time\" \/>\n\t<meta name=\"twitter:data1\" content=\"1 minute\" \/>\n<script type=\"application\/ld+json\" class=\"yoast-schema-graph\">{\"@context\":\"https:\\\/\\\/schema.org\",\"@graph\":[{\"@type\":\"WebPage\",\"@id\":\"https:\\\/\\\/markryden.is\\\/vara\\\/classic-i\\\/\",\"url\":\"https:\\\/\\\/markryden.is\\\/vara\\\/classic-i\\\/\",\"name\":\"Classic I er v\u00f6ndu\u00f0 15,6\\\" fart\u00f6lvutaska me\u00f0 YKK rennil\u00e1sum\",\"isPartOf\":{\"@id\":\"https:\\\/\\\/markryden.is\\\/#website\"},\"primaryImageOfPage\":{\"@id\":\"https:\\\/\\\/markryden.is\\\/vara\\\/classic-i\\\/#primaryimage\"},\"image\":{\"@id\":\"https:\\\/\\\/markryden.is\\\/vara\\\/classic-i\\\/#primaryimage\"},\"thumbnailUrl\":\"https:\\\/\\\/markryden.is\\\/wp-content\\\/uploads\\\/2025\\\/07\\\/MR8001_1.jpg\",\"datePublished\":\"2025-07-13T09:19:51+00:00\",\"dateModified\":\"2025-09-20T20:08:21+00:00\",\"description\":\"Classic I fart\u00f6lvutaska fr\u00e1 Mark Ryden er fyrir allt a\u00f0 15,6\u2033 fart\u00f6lvur. St\u00f3r vasi a\u00f0 framan. R\u00fdmi fyrir allt a\u00f0 9.7\u201d spjaldt\u00f6lvur. H\u00e1g\u00e6\u00f0a YKK rennil\u00e1sar.\",\"breadcrumb\":{\"@id\":\"https:\\\/\\\/markryden.is\\\/vara\\\/classic-i\\\/#breadcrumb\"},\"inLanguage\":\"en-US\",\"potentialAction\":[{\"@type\":\"ReadAction\",\"target\":[\"https:\\\/\\\/markryden.is\\\/vara\\\/classic-i\\\/\"]}]},{\"@type\":\"ImageObject\",\"inLanguage\":\"en-US\",\"@id\":\"https:\\\/\\\/markryden.is\\\/vara\\\/classic-i\\\/#primaryimage\",\"url\":\"https:\\\/\\\/markryden.is\\\/wp-content\\\/uploads\\\/2025\\\/07\\\/MR8001_1.jpg\",\"contentUrl\":\"https:\\\/\\\/markryden.is\\\/wp-content\\\/uploads\\\/2025\\\/07\\\/MR8001_1.jpg\",\"width\":600,\"height\":600},{\"@type\":\"BreadcrumbList\",\"@id\":\"https:\\\/\\\/markryden.is\\\/vara\\\/classic-i\\\/#breadcrumb\",\"itemListElement\":[{\"@type\":\"ListItem\",\"position\":1,\"name\":\"Home\",\"item\":\"https:\\\/\\\/markryden.is\\\/\"},{\"@type\":\"ListItem\",\"position\":2,\"name\":\"Shop\",\"item\":\"https:\\\/\\\/www.vorulagerinn.is\\\/heildsala\\\/en\\\/shop\\\/\"},{\"@type\":\"ListItem\",\"position\":3,\"name\":\"Classic I er v\u00f6ndu\u00f0 15,6&#8243; fart\u00f6lvutaska me\u00f0 YKK rennil\u00e1sum\"}]},{\"@type\":\"WebSite\",\"@id\":\"https:\\\/\\\/markryden.is\\\/#website\",\"url\":\"https:\\\/\\\/markryden.is\\\/\",\"name\":\"Mark Ryden\",\"description\":\"H&aacute;g&aelig;&eth;a og vanda&eth;ar t&ouml;skur sem endast\",\"publisher\":{\"@id\":\"https:\\\/\\\/markryden.is\\\/#organization\"},\"potentialAction\":[{\"@type\":\"SearchAction\",\"target\":{\"@type\":\"EntryPoint\",\"urlTemplate\":\"https:\\\/\\\/markryden.is\\\/?s={search_term_string}\"},\"query-input\":{\"@type\":\"PropertyValueSpecification\",\"valueRequired\":true,\"valueName\":\"search_term_string\"}}],\"inLanguage\":\"en-US\"},{\"@type\":\"Organization\",\"@id\":\"https:\\\/\\\/markryden.is\\\/#organization\",\"name\":\"H\u00e1g\u00e6\u00f0a og vanda\u00f0ar v\u00f6rur sem endast\",\"url\":\"https:\\\/\\\/markryden.is\\\/\",\"logo\":{\"@type\":\"ImageObject\",\"inLanguage\":\"en-US\",\"@id\":\"https:\\\/\\\/markryden.is\\\/#\\\/schema\\\/logo\\\/image\\\/\",\"url\":\"https:\\\/\\\/markryden.is\\\/wp-content\\\/uploads\\\/2024\\\/08\\\/66_130x@2x-1.avif\",\"contentUrl\":\"https:\\\/\\\/markryden.is\\\/wp-content\\\/uploads\\\/2024\\\/08\\\/66_130x@2x-1.avif\",\"width\":260,\"height\":74,\"caption\":\"H\u00e1g\u00e6\u00f0a og vanda\u00f0ar v\u00f6rur sem endast\"},\"image\":{\"@id\":\"https:\\\/\\\/markryden.is\\\/#\\\/schema\\\/logo\\\/image\\\/\"},\"sameAs\":[\"https:\\\/\\\/www.facebook.com\\\/markrydeniceland\"]}]}<\/script>\n<!-- \/ Yoast SEO Premium plugin. -->","yoast_head_json":{"title":"Classic I er v\u00f6ndu\u00f0 15,6\" fart\u00f6lvutaska me\u00f0 YKK rennil\u00e1sum","description":"Classic I fart\u00f6lvutaska fr\u00e1 Mark Ryden er fyrir allt a\u00f0 15,6\u2033 fart\u00f6lvur. St\u00f3r vasi a\u00f0 framan. R\u00fdmi fyrir allt a\u00f0 9.7\u201d spjaldt\u00f6lvur. H\u00e1g\u00e6\u00f0a YKK rennil\u00e1sar.","robots":{"index":"index","follow":"follow","max-snippet":"max-snippet:-1","max-image-preview":"max-image-preview:large","max-video-preview":"max-video-preview:-1"},"canonical":"https:\/\/markryden.is\/vara\/classic-i\/","og_locale":"en_US","og_type":"article","og_title":"Classic I er v\u00f6ndu\u00f0 15,6\" fart\u00f6lvutaska me\u00f0 YKK rennil\u00e1sum","og_description":"Classic I fart\u00f6lvutaska fr\u00e1 Mark Ryden er fyrir allt a\u00f0 15,6\u2033 fart\u00f6lvur. St\u00f3r vasi a\u00f0 framan. R\u00fdmi fyrir allt a\u00f0 9.7\u201d spjaldt\u00f6lvur. H\u00e1g\u00e6\u00f0a YKK rennil\u00e1sar.","og_url":"https:\/\/markryden.is\/vara\/classic-i\/","og_site_name":"Mark Ryden","article_publisher":"https:\/\/www.facebook.com\/markrydeniceland","article_modified_time":"2025-09-20T20:08:21+00:00","og_image":[{"width":600,"height":600,"url":"https:\/\/markryden.is\/wp-content\/uploads\/2025\/07\/MR8001_1.jpg","type":"image\/jpeg"}],"twitter_card":"summary_large_image","twitter_misc":{"Est. reading time":"1 minute"},"schema":{"@context":"https:\/\/schema.org","@graph":[{"@type":"WebPage","@id":"https:\/\/markryden.is\/vara\/classic-i\/","url":"https:\/\/markryden.is\/vara\/classic-i\/","name":"Classic I er v\u00f6ndu\u00f0 15,6\" fart\u00f6lvutaska me\u00f0 YKK rennil\u00e1sum","isPartOf":{"@id":"https:\/\/markryden.is\/#website"},"primaryImageOfPage":{"@id":"https:\/\/markryden.is\/vara\/classic-i\/#primaryimage"},"image":{"@id":"https:\/\/markryden.is\/vara\/classic-i\/#primaryimage"},"thumbnailUrl":"https:\/\/markryden.is\/wp-content\/uploads\/2025\/07\/MR8001_1.jpg","datePublished":"2025-07-13T09:19:51+00:00","dateModified":"2025-09-20T20:08:21+00:00","description":"Classic I fart\u00f6lvutaska fr\u00e1 Mark Ryden er fyrir allt a\u00f0 15,6\u2033 fart\u00f6lvur. St\u00f3r vasi a\u00f0 framan. R\u00fdmi fyrir allt a\u00f0 9.7\u201d spjaldt\u00f6lvur. H\u00e1g\u00e6\u00f0a YKK rennil\u00e1sar.","breadcrumb":{"@id":"https:\/\/markryden.is\/vara\/classic-i\/#breadcrumb"},"inLanguage":"en-US","potentialAction":[{"@type":"ReadAction","target":["https:\/\/markryden.is\/vara\/classic-i\/"]}]},{"@type":"ImageObject","inLanguage":"en-US","@id":"https:\/\/markryden.is\/vara\/classic-i\/#primaryimage","url":"https:\/\/markryden.is\/wp-content\/uploads\/2025\/07\/MR8001_1.jpg","contentUrl":"https:\/\/markryden.is\/wp-content\/uploads\/2025\/07\/MR8001_1.jpg","width":600,"height":600},{"@type":"BreadcrumbList","@id":"https:\/\/markryden.is\/vara\/classic-i\/#breadcrumb","itemListElement":[{"@type":"ListItem","position":1,"name":"Home","item":"https:\/\/markryden.is\/"},{"@type":"ListItem","position":2,"name":"Shop","item":"https:\/\/www.vorulagerinn.is\/heildsala\/en\/shop\/"},{"@type":"ListItem","position":3,"name":"Classic I er v\u00f6ndu\u00f0 15,6&#8243; fart\u00f6lvutaska me\u00f0 YKK rennil\u00e1sum"}]},{"@type":"WebSite","@id":"https:\/\/markryden.is\/#website","url":"https:\/\/markryden.is\/","name":"Mark Ryden","description":"H&aacute;g&aelig;&eth;a og vanda&eth;ar t&ouml;skur sem endast","publisher":{"@id":"https:\/\/markryden.is\/#organization"},"potentialAction":[{"@type":"SearchAction","target":{"@type":"EntryPoint","urlTemplate":"https:\/\/markryden.is\/?s={search_term_string}"},"query-input":{"@type":"PropertyValueSpecification","valueRequired":true,"valueName":"search_term_string"}}],"inLanguage":"en-US"},{"@type":"Organization","@id":"https:\/\/markryden.is\/#organization","name":"H\u00e1g\u00e6\u00f0a og vanda\u00f0ar v\u00f6rur sem endast","url":"https:\/\/markryden.is\/","logo":{"@type":"ImageObject","inLanguage":"en-US","@id":"https:\/\/markryden.is\/#\/schema\/logo\/image\/","url":"https:\/\/markryden.is\/wp-content\/uploads\/2024\/08\/66_130x@2x-1.avif","contentUrl":"https:\/\/markryden.is\/wp-content\/uploads\/2024\/08\/66_130x@2x-1.avif","width":260,"height":74,"caption":"H\u00e1g\u00e6\u00f0a og vanda\u00f0ar v\u00f6rur sem endast"},"image":{"@id":"https:\/\/markryden.is\/#\/schema\/logo\/image\/"},"sameAs":["https:\/\/www.facebook.com\/markrydeniceland"]}]}},"_links":{"self":[{"href":"https:\/\/markryden.is\/en\/wp-json\/wp\/v2\/product\/24167","targetHints":{"allow":["GET"]}}],"collection":[{"href":"https:\/\/markryden.is\/en\/wp-json\/wp\/v2\/product"}],"about":[{"href":"https:\/\/markryden.is\/en\/wp-json\/wp\/v2\/types\/product"}],"wp:featuredmedia":[{"embeddable":true,"href":"https:\/\/markryden.is\/en\/wp-json\/wp\/v2\/media\/24153"}],"wp:attachment":[{"href":"https:\/\/markryden.is\/en\/wp-json\/wp\/v2\/media?parent=24167"}],"wp:term":[{"taxonomy":"product_brand","embeddable":true,"href":"https:\/\/markryden.is\/en\/wp-json\/wp\/v2\/product_brand?post=24167"},{"taxonomy":"product_cat","embeddable":true,"href":"https:\/\/markryden.is\/en\/wp-json\/wp\/v2\/product_cat?post=24167"},{"taxonomy":"product_tag","embeddable":true,"href":"https:\/\/markryden.is\/en\/wp-json\/wp\/v2\/product_tag?post=24167"}],"curies":[{"name":"wp","href":"https:\/\/api.w.org\/{rel}","templated":true}]}}