{"id":24174,"date":"2025-07-13T09:05:59","date_gmt":"2025-07-13T09:05:59","guid":{"rendered":"https:\/\/markryden.is\/product\/lassic-ii\/"},"modified":"2025-11-24T08:57:54","modified_gmt":"2025-11-24T08:57:54","slug":"lassic-ii","status":"publish","type":"product","link":"https:\/\/markryden.is\/en\/product\/lassic-ii\/","title":{"rendered":"Classic II er st\u00edlhrein og falleg fart\u00f6lvutaska fyrir allt a\u00f0 15,6&#8243; fart\u00f6lvur"},"content":{"rendered":"<div style=\"width: 1020px;\" class=\"wp-video\"><video class=\"wp-video-shortcode\" id=\"video-24174-1\" width=\"1020\" height=\"574\" preload=\"metadata\" controls=\"controls\"><source type=\"video\/mp4\" src=\"https:\/\/fodurlandid.is\/wp-content\/uploads\/2025\/07\/MR8003.mp4?_=1\" \/><a href=\"https:\/\/fodurlandid.is\/wp-content\/uploads\/2025\/07\/MR8003.mp4\">https:\/\/fodurlandid.is\/wp-content\/uploads\/2025\/07\/MR8003.mp4<\/a><\/video><\/div>\n","protected":false},"excerpt":{"rendered":"<p>Mark Ryden Classic II fart\u00f6lvutaskan er einstaklega falleg, st\u00edlhreinn, vatnsheld og st\u00edf sem ver fart\u00f6lvuna fyrir h\u00f6ggum. A\u00f0 framan er st\u00f3r renndur r\u00famg\u00f3\u00f0ur vasi me\u00f0 tveimur opnum v\u00f6sum og a\u00f0 aftan er st\u00f3r renndur vasi me\u00f0 tveimur opnum v\u00f6sum. Innra r\u00fdmi t\u00f6skunnar er r\u00famgott me\u00f0 fart\u00f6lvuvasa fyrir fart\u00f6lvur allt a\u00f0 15,6 tommur a\u00f0 st\u00e6r\u00f0. Hinum megin er st\u00f3r renndur vasi \u00e1samt tveimur opnum v\u00f6sum og tveimur pennav\u00f6sum. H\u00e1g\u00e6\u00f0a YKK rennil\u00e1sar sem eru \u00feeir bestu \u00e1 marka\u00f0inum og endast mun lengur. Gl\u00e6sileg fart\u00f6lvutaska fyrir f\u00f3lk \u00e1 fer\u00f0inni.<\/p>\n<p>\u2013 Sj\u00e1 myndband ne\u00f0ar \u00e1 s\u00ed\u00f0u<br \/>\n\u2013 Litur: Svartur<br \/>\n\u2013 St\u00e6r\u00f0: 40 x 9 x 31,5 cm<br \/>\n\u2013 \u00deyngd: 0,91 kg<br \/>\n\u2013 Efni: Oxford efni, Vatnshelt, blettav\u00f6rn og au\u00f0veld \u00ed \u00ferifum<br \/>\n\u2013 H\u00e1g\u00e6\u00f0a YKK rennil\u00e1sar<\/p>\n","protected":false},"featured_media":24168,"template":"","meta":[],"product_brand":[411],"product_cat":[400],"product_tag":[],"class_list":{"0":"post-24174","1":"product","2":"type-product","3":"status-publish","4":"has-post-thumbnail","6":"product_brand-mark-ryden","7":"product_cat-fartolvutoskur","9":"first","10":"outofstock","11":"taxable","12":"shipping-taxable","13":"purchasable","14":"product-type-simple"},"yoast_head":"<!-- This site is optimized with the Yoast SEO Premium plugin v21.5 (Yoast SEO v27.4) - https:\/\/yoast.com\/product\/yoast-seo-premium-wordpress\/ -->\n<title>Classic II er st\u00edlhrein og falleg fart\u00f6lvutaska fyrir allt a\u00f0 15,6&quot; fart\u00f6lvur<\/title>\n<meta name=\"description\" content=\"Mark Ryden Classic II fart\u00f6lvutaskan (allt a\u00f0 15,6&quot;) er einstaklega falleg, st\u00edlhreinn, vatnsheld og st\u00edf sem ver fart\u00f6lvuna fyrir h\u00f6ggum. YKK rennil\u00e1sar\" \/>\n<meta name=\"robots\" content=\"index, follow, max-snippet:-1, max-image-preview:large, max-video-preview:-1\" \/>\n<link rel=\"canonical\" href=\"https:\/\/markryden.is\/vara\/lassic-ii\/\" \/>\n<meta property=\"og:locale\" content=\"en_US\" \/>\n<meta property=\"og:type\" content=\"article\" \/>\n<meta property=\"og:title\" content=\"Classic II er st\u00edlhrein og falleg fart\u00f6lvutaska fyrir allt a\u00f0 15,6&quot; fart\u00f6lvur\" \/>\n<meta property=\"og:description\" content=\"Mark Ryden Classic II fart\u00f6lvutaskan (allt a\u00f0 15,6&quot;) er einstaklega falleg, st\u00edlhreinn, vatnsheld og st\u00edf sem ver fart\u00f6lvuna fyrir h\u00f6ggum. YKK rennil\u00e1sar\" \/>\n<meta property=\"og:url\" content=\"https:\/\/markryden.is\/vara\/lassic-ii\/\" \/>\n<meta property=\"og:site_name\" content=\"Mark Ryden\" \/>\n<meta property=\"article:publisher\" content=\"https:\/\/www.facebook.com\/markrydeniceland\" \/>\n<meta property=\"article:modified_time\" content=\"2025-11-24T08:57:54+00:00\" \/>\n<meta property=\"og:image\" content=\"https:\/\/markryden.is\/wp-content\/uploads\/2025\/07\/MR-8003-Mark-Ryden-fartolvutaska_-6.jpg\" \/>\n\t<meta property=\"og:image:width\" content=\"600\" \/>\n\t<meta property=\"og:image:height\" content=\"600\" \/>\n\t<meta property=\"og:image:type\" content=\"image\/jpeg\" \/>\n<meta name=\"twitter:card\" content=\"summary_large_image\" \/>\n<meta name=\"twitter:label1\" content=\"Est. reading time\" \/>\n\t<meta name=\"twitter:data1\" content=\"1 minute\" \/>\n<script type=\"application\/ld+json\" class=\"yoast-schema-graph\">{\"@context\":\"https:\\\/\\\/schema.org\",\"@graph\":[{\"@type\":\"WebPage\",\"@id\":\"https:\\\/\\\/markryden.is\\\/vara\\\/lassic-ii\\\/\",\"url\":\"https:\\\/\\\/markryden.is\\\/vara\\\/lassic-ii\\\/\",\"name\":\"Classic II er st\u00edlhrein og falleg fart\u00f6lvutaska fyrir allt a\u00f0 15,6\\\" fart\u00f6lvur\",\"isPartOf\":{\"@id\":\"https:\\\/\\\/markryden.is\\\/#website\"},\"primaryImageOfPage\":{\"@id\":\"https:\\\/\\\/markryden.is\\\/vara\\\/lassic-ii\\\/#primaryimage\"},\"image\":{\"@id\":\"https:\\\/\\\/markryden.is\\\/vara\\\/lassic-ii\\\/#primaryimage\"},\"thumbnailUrl\":\"https:\\\/\\\/markryden.is\\\/wp-content\\\/uploads\\\/2025\\\/07\\\/MR-8003-Mark-Ryden-fartolvutaska_-6.jpg\",\"datePublished\":\"2025-07-13T09:05:59+00:00\",\"dateModified\":\"2025-11-24T08:57:54+00:00\",\"description\":\"Mark Ryden Classic II fart\u00f6lvutaskan (allt a\u00f0 15,6\\\") er einstaklega falleg, st\u00edlhreinn, vatnsheld og st\u00edf sem ver fart\u00f6lvuna fyrir h\u00f6ggum. YKK rennil\u00e1sar\",\"breadcrumb\":{\"@id\":\"https:\\\/\\\/markryden.is\\\/vara\\\/lassic-ii\\\/#breadcrumb\"},\"inLanguage\":\"en-US\",\"potentialAction\":[{\"@type\":\"ReadAction\",\"target\":[\"https:\\\/\\\/markryden.is\\\/vara\\\/lassic-ii\\\/\"]}]},{\"@type\":\"ImageObject\",\"inLanguage\":\"en-US\",\"@id\":\"https:\\\/\\\/markryden.is\\\/vara\\\/lassic-ii\\\/#primaryimage\",\"url\":\"https:\\\/\\\/markryden.is\\\/wp-content\\\/uploads\\\/2025\\\/07\\\/MR-8003-Mark-Ryden-fartolvutaska_-6.jpg\",\"contentUrl\":\"https:\\\/\\\/markryden.is\\\/wp-content\\\/uploads\\\/2025\\\/07\\\/MR-8003-Mark-Ryden-fartolvutaska_-6.jpg\",\"width\":600,\"height\":600},{\"@type\":\"BreadcrumbList\",\"@id\":\"https:\\\/\\\/markryden.is\\\/vara\\\/lassic-ii\\\/#breadcrumb\",\"itemListElement\":[{\"@type\":\"ListItem\",\"position\":1,\"name\":\"Home\",\"item\":\"https:\\\/\\\/markryden.is\\\/\"},{\"@type\":\"ListItem\",\"position\":2,\"name\":\"Shop\",\"item\":\"https:\\\/\\\/www.vorulagerinn.is\\\/heildsala\\\/en\\\/shop\\\/\"},{\"@type\":\"ListItem\",\"position\":3,\"name\":\"Classic II er st\u00edlhrein og falleg fart\u00f6lvutaska fyrir allt a\u00f0 15,6&#8243; fart\u00f6lvur\"}]},{\"@type\":\"WebSite\",\"@id\":\"https:\\\/\\\/markryden.is\\\/#website\",\"url\":\"https:\\\/\\\/markryden.is\\\/\",\"name\":\"Mark Ryden\",\"description\":\"H&aacute;g&aelig;&eth;a og vanda&eth;ar t&ouml;skur sem endast\",\"publisher\":{\"@id\":\"https:\\\/\\\/markryden.is\\\/#organization\"},\"potentialAction\":[{\"@type\":\"SearchAction\",\"target\":{\"@type\":\"EntryPoint\",\"urlTemplate\":\"https:\\\/\\\/markryden.is\\\/?s={search_term_string}\"},\"query-input\":{\"@type\":\"PropertyValueSpecification\",\"valueRequired\":true,\"valueName\":\"search_term_string\"}}],\"inLanguage\":\"en-US\"},{\"@type\":\"Organization\",\"@id\":\"https:\\\/\\\/markryden.is\\\/#organization\",\"name\":\"H\u00e1g\u00e6\u00f0a og vanda\u00f0ar v\u00f6rur sem endast\",\"url\":\"https:\\\/\\\/markryden.is\\\/\",\"logo\":{\"@type\":\"ImageObject\",\"inLanguage\":\"en-US\",\"@id\":\"https:\\\/\\\/markryden.is\\\/#\\\/schema\\\/logo\\\/image\\\/\",\"url\":\"https:\\\/\\\/markryden.is\\\/wp-content\\\/uploads\\\/2024\\\/08\\\/66_130x@2x-1.avif\",\"contentUrl\":\"https:\\\/\\\/markryden.is\\\/wp-content\\\/uploads\\\/2024\\\/08\\\/66_130x@2x-1.avif\",\"width\":260,\"height\":74,\"caption\":\"H\u00e1g\u00e6\u00f0a og vanda\u00f0ar v\u00f6rur sem endast\"},\"image\":{\"@id\":\"https:\\\/\\\/markryden.is\\\/#\\\/schema\\\/logo\\\/image\\\/\"},\"sameAs\":[\"https:\\\/\\\/www.facebook.com\\\/markrydeniceland\"]}]}<\/script>\n<!-- \/ Yoast SEO Premium plugin. -->","yoast_head_json":{"title":"Classic II er st\u00edlhrein og falleg fart\u00f6lvutaska fyrir allt a\u00f0 15,6\" fart\u00f6lvur","description":"Mark Ryden Classic II fart\u00f6lvutaskan (allt a\u00f0 15,6\") er einstaklega falleg, st\u00edlhreinn, vatnsheld og st\u00edf sem ver fart\u00f6lvuna fyrir h\u00f6ggum. YKK rennil\u00e1sar","robots":{"index":"index","follow":"follow","max-snippet":"max-snippet:-1","max-image-preview":"max-image-preview:large","max-video-preview":"max-video-preview:-1"},"canonical":"https:\/\/markryden.is\/vara\/lassic-ii\/","og_locale":"en_US","og_type":"article","og_title":"Classic II er st\u00edlhrein og falleg fart\u00f6lvutaska fyrir allt a\u00f0 15,6\" fart\u00f6lvur","og_description":"Mark Ryden Classic II fart\u00f6lvutaskan (allt a\u00f0 15,6\") er einstaklega falleg, st\u00edlhreinn, vatnsheld og st\u00edf sem ver fart\u00f6lvuna fyrir h\u00f6ggum. YKK rennil\u00e1sar","og_url":"https:\/\/markryden.is\/vara\/lassic-ii\/","og_site_name":"Mark Ryden","article_publisher":"https:\/\/www.facebook.com\/markrydeniceland","article_modified_time":"2025-11-24T08:57:54+00:00","og_image":[{"width":600,"height":600,"url":"https:\/\/markryden.is\/wp-content\/uploads\/2025\/07\/MR-8003-Mark-Ryden-fartolvutaska_-6.jpg","type":"image\/jpeg"}],"twitter_card":"summary_large_image","twitter_misc":{"Est. reading time":"1 minute"},"schema":{"@context":"https:\/\/schema.org","@graph":[{"@type":"WebPage","@id":"https:\/\/markryden.is\/vara\/lassic-ii\/","url":"https:\/\/markryden.is\/vara\/lassic-ii\/","name":"Classic II er st\u00edlhrein og falleg fart\u00f6lvutaska fyrir allt a\u00f0 15,6\" fart\u00f6lvur","isPartOf":{"@id":"https:\/\/markryden.is\/#website"},"primaryImageOfPage":{"@id":"https:\/\/markryden.is\/vara\/lassic-ii\/#primaryimage"},"image":{"@id":"https:\/\/markryden.is\/vara\/lassic-ii\/#primaryimage"},"thumbnailUrl":"https:\/\/markryden.is\/wp-content\/uploads\/2025\/07\/MR-8003-Mark-Ryden-fartolvutaska_-6.jpg","datePublished":"2025-07-13T09:05:59+00:00","dateModified":"2025-11-24T08:57:54+00:00","description":"Mark Ryden Classic II fart\u00f6lvutaskan (allt a\u00f0 15,6\") er einstaklega falleg, st\u00edlhreinn, vatnsheld og st\u00edf sem ver fart\u00f6lvuna fyrir h\u00f6ggum. YKK rennil\u00e1sar","breadcrumb":{"@id":"https:\/\/markryden.is\/vara\/lassic-ii\/#breadcrumb"},"inLanguage":"en-US","potentialAction":[{"@type":"ReadAction","target":["https:\/\/markryden.is\/vara\/lassic-ii\/"]}]},{"@type":"ImageObject","inLanguage":"en-US","@id":"https:\/\/markryden.is\/vara\/lassic-ii\/#primaryimage","url":"https:\/\/markryden.is\/wp-content\/uploads\/2025\/07\/MR-8003-Mark-Ryden-fartolvutaska_-6.jpg","contentUrl":"https:\/\/markryden.is\/wp-content\/uploads\/2025\/07\/MR-8003-Mark-Ryden-fartolvutaska_-6.jpg","width":600,"height":600},{"@type":"BreadcrumbList","@id":"https:\/\/markryden.is\/vara\/lassic-ii\/#breadcrumb","itemListElement":[{"@type":"ListItem","position":1,"name":"Home","item":"https:\/\/markryden.is\/"},{"@type":"ListItem","position":2,"name":"Shop","item":"https:\/\/www.vorulagerinn.is\/heildsala\/en\/shop\/"},{"@type":"ListItem","position":3,"name":"Classic II er st\u00edlhrein og falleg fart\u00f6lvutaska fyrir allt a\u00f0 15,6&#8243; fart\u00f6lvur"}]},{"@type":"WebSite","@id":"https:\/\/markryden.is\/#website","url":"https:\/\/markryden.is\/","name":"Mark Ryden","description":"H&aacute;g&aelig;&eth;a og vanda&eth;ar t&ouml;skur sem endast","publisher":{"@id":"https:\/\/markryden.is\/#organization"},"potentialAction":[{"@type":"SearchAction","target":{"@type":"EntryPoint","urlTemplate":"https:\/\/markryden.is\/?s={search_term_string}"},"query-input":{"@type":"PropertyValueSpecification","valueRequired":true,"valueName":"search_term_string"}}],"inLanguage":"en-US"},{"@type":"Organization","@id":"https:\/\/markryden.is\/#organization","name":"H\u00e1g\u00e6\u00f0a og vanda\u00f0ar v\u00f6rur sem endast","url":"https:\/\/markryden.is\/","logo":{"@type":"ImageObject","inLanguage":"en-US","@id":"https:\/\/markryden.is\/#\/schema\/logo\/image\/","url":"https:\/\/markryden.is\/wp-content\/uploads\/2024\/08\/66_130x@2x-1.avif","contentUrl":"https:\/\/markryden.is\/wp-content\/uploads\/2024\/08\/66_130x@2x-1.avif","width":260,"height":74,"caption":"H\u00e1g\u00e6\u00f0a og vanda\u00f0ar v\u00f6rur sem endast"},"image":{"@id":"https:\/\/markryden.is\/#\/schema\/logo\/image\/"},"sameAs":["https:\/\/www.facebook.com\/markrydeniceland"]}]}},"_links":{"self":[{"href":"https:\/\/markryden.is\/en\/wp-json\/wp\/v2\/product\/24174","targetHints":{"allow":["GET"]}}],"collection":[{"href":"https:\/\/markryden.is\/en\/wp-json\/wp\/v2\/product"}],"about":[{"href":"https:\/\/markryden.is\/en\/wp-json\/wp\/v2\/types\/product"}],"wp:featuredmedia":[{"embeddable":true,"href":"https:\/\/markryden.is\/en\/wp-json\/wp\/v2\/media\/24168"}],"wp:attachment":[{"href":"https:\/\/markryden.is\/en\/wp-json\/wp\/v2\/media?parent=24174"}],"wp:term":[{"taxonomy":"product_brand","embeddable":true,"href":"https:\/\/markryden.is\/en\/wp-json\/wp\/v2\/product_brand?post=24174"},{"taxonomy":"product_cat","embeddable":true,"href":"https:\/\/markryden.is\/en\/wp-json\/wp\/v2\/product_cat?post=24174"},{"taxonomy":"product_tag","embeddable":true,"href":"https:\/\/markryden.is\/en\/wp-json\/wp\/v2\/product_tag?post=24174"}],"curies":[{"name":"wp","href":"https:\/\/api.w.org\/{rel}","templated":true}]}}