{"id":24238,"date":"2025-07-12T09:24:05","date_gmt":"2025-07-12T09:24:05","guid":{"rendered":"https:\/\/markryden.is\/product\/sheer-professional\/"},"modified":"2026-02-19T11:47:01","modified_gmt":"2026-02-19T11:47:01","slug":"sheer-professional","status":"publish","type":"product","link":"https:\/\/markryden.is\/en\/product\/sheer-professional\/","title":{"rendered":"Sheer Professional fart\u00f6lvuvasi fyrir allt a\u00f0 15&#8243; fart\u00f6lvur"},"content":{"rendered":"<div style=\"width: 1020px;\" class=\"wp-video\"><video class=\"wp-video-shortcode\" id=\"video-24238-1\" width=\"1020\" height=\"574\" preload=\"metadata\" controls=\"controls\"><source type=\"video\/mp4\" src=\"https:\/\/fodurlandid.is\/wp-content\/uploads\/2025\/07\/MR67D.mp4?_=1\" \/><a href=\"https:\/\/fodurlandid.is\/wp-content\/uploads\/2025\/07\/MR67D.mp4\">https:\/\/fodurlandid.is\/wp-content\/uploads\/2025\/07\/MR67D.mp4<\/a><\/video><\/div>\n","protected":false},"excerpt":{"rendered":"<p>Gl\u00e6silegur fart\u00f6lvuvasi fr\u00e1 Mark Ryden me\u00f0 segulfestingu. Fart\u00f6lvuvasinn er fyrir allt a\u00f0 15,4\u2033 fart\u00f6lvur og er \u00far Oxford efni, PU og vatnsv\u00f6rn. Vasinn opnast og lokast me\u00f0 segulfestingu.<\/p>\n<p>Sj\u00e1\u00f0u myndband af v\u00f6runni ne\u00f0ar \u00e1 \u00feessari s\u00ed\u00f0u.<\/p>\n<p>\u2013 Litur: Svartur<br \/>\n\u2013 \u00deyngd: 0,24 kg<br \/>\n\u2013 St\u00e6r\u00f0: 40 cm x 28 cm x 0,5 cm<br \/>\n\u2013 Segull sem lokar vasanum<br \/>\n\u2013 15,4&#8243; fart\u00f6lvuvasi<br \/>\n\u2013 Efni \u00ed t\u00f6sku: Oxford efni, PU og vatnheldni<\/p>\n","protected":false},"featured_media":24232,"template":"","meta":[],"product_brand":[411],"product_cat":[400],"product_tag":[],"class_list":{"0":"post-24238","1":"product","2":"type-product","3":"status-publish","4":"has-post-thumbnail","6":"product_brand-mark-ryden","7":"product_cat-fartolvutoskur","9":"first","10":"instock","11":"taxable","12":"shipping-taxable","13":"purchasable","14":"product-type-simple"},"yoast_head":"<!-- This site is optimized with the Yoast SEO Premium plugin v21.5 (Yoast SEO v27.3) - https:\/\/yoast.com\/product\/yoast-seo-premium-wordpress\/ -->\n<title>Sheer Professional fart\u00f6lvuvasi fyrir allt a\u00f0 15&quot; fart\u00f6lvur<\/title>\n<meta name=\"description\" content=\"Gl\u00e6silegur fart\u00f6lvuvasi fr\u00e1 Mark Ryden me\u00f0 segulfestingu. Fart\u00f6lvuvasinn er fyrir allt a\u00f0 15,4\u2033 fart\u00f6lvur. Mj\u00f6g g\u00f3\u00f0ur fart\u00f6lvuvasi fyrir f\u00f3lk \u00e1 fer\u00f0inni.\" \/>\n<meta name=\"robots\" content=\"index, follow, max-snippet:-1, max-image-preview:large, max-video-preview:-1\" \/>\n<link rel=\"canonical\" href=\"https:\/\/markryden.is\/vara\/sheer-professional\/\" \/>\n<meta property=\"og:locale\" content=\"en_US\" \/>\n<meta property=\"og:type\" content=\"article\" \/>\n<meta property=\"og:title\" content=\"Sheer Professional fart\u00f6lvuvasi fyrir allt a\u00f0 15&quot; fart\u00f6lvur\" \/>\n<meta property=\"og:description\" content=\"Gl\u00e6silegur fart\u00f6lvuvasi fr\u00e1 Mark Ryden me\u00f0 segulfestingu. Fart\u00f6lvuvasinn er fyrir allt a\u00f0 15,4\u2033 fart\u00f6lvur. Mj\u00f6g g\u00f3\u00f0ur fart\u00f6lvuvasi fyrir f\u00f3lk \u00e1 fer\u00f0inni.\" \/>\n<meta property=\"og:url\" content=\"https:\/\/markryden.is\/vara\/sheer-professional\/\" \/>\n<meta property=\"og:site_name\" content=\"Mark Ryden\" \/>\n<meta property=\"article:publisher\" content=\"https:\/\/www.facebook.com\/markrydeniceland\" \/>\n<meta property=\"article:modified_time\" content=\"2026-02-19T11:47:01+00:00\" \/>\n<meta property=\"og:image\" content=\"https:\/\/markryden.is\/wp-content\/uploads\/2025\/07\/L_MR67D_23.jpg\" \/>\n\t<meta property=\"og:image:width\" content=\"600\" \/>\n\t<meta property=\"og:image:height\" content=\"600\" \/>\n\t<meta property=\"og:image:type\" content=\"image\/jpeg\" \/>\n<meta name=\"twitter:card\" content=\"summary_large_image\" \/>\n<meta name=\"twitter:label1\" content=\"Est. reading time\" \/>\n\t<meta name=\"twitter:data1\" content=\"1 minute\" \/>\n<script type=\"application\/ld+json\" class=\"yoast-schema-graph\">{\"@context\":\"https:\\\/\\\/schema.org\",\"@graph\":[{\"@type\":\"WebPage\",\"@id\":\"https:\\\/\\\/markryden.is\\\/vara\\\/sheer-professional\\\/\",\"url\":\"https:\\\/\\\/markryden.is\\\/vara\\\/sheer-professional\\\/\",\"name\":\"Sheer Professional fart\u00f6lvuvasi fyrir allt a\u00f0 15\\\" fart\u00f6lvur\",\"isPartOf\":{\"@id\":\"https:\\\/\\\/markryden.is\\\/#website\"},\"primaryImageOfPage\":{\"@id\":\"https:\\\/\\\/markryden.is\\\/vara\\\/sheer-professional\\\/#primaryimage\"},\"image\":{\"@id\":\"https:\\\/\\\/markryden.is\\\/vara\\\/sheer-professional\\\/#primaryimage\"},\"thumbnailUrl\":\"https:\\\/\\\/markryden.is\\\/wp-content\\\/uploads\\\/2025\\\/07\\\/L_MR67D_23.jpg\",\"datePublished\":\"2025-07-12T09:24:05+00:00\",\"dateModified\":\"2026-02-19T11:47:01+00:00\",\"description\":\"Gl\u00e6silegur fart\u00f6lvuvasi fr\u00e1 Mark Ryden me\u00f0 segulfestingu. Fart\u00f6lvuvasinn er fyrir allt a\u00f0 15,4\u2033 fart\u00f6lvur. Mj\u00f6g g\u00f3\u00f0ur fart\u00f6lvuvasi fyrir f\u00f3lk \u00e1 fer\u00f0inni.\",\"breadcrumb\":{\"@id\":\"https:\\\/\\\/markryden.is\\\/vara\\\/sheer-professional\\\/#breadcrumb\"},\"inLanguage\":\"en-US\",\"potentialAction\":[{\"@type\":\"ReadAction\",\"target\":[\"https:\\\/\\\/markryden.is\\\/vara\\\/sheer-professional\\\/\"]}]},{\"@type\":\"ImageObject\",\"inLanguage\":\"en-US\",\"@id\":\"https:\\\/\\\/markryden.is\\\/vara\\\/sheer-professional\\\/#primaryimage\",\"url\":\"https:\\\/\\\/markryden.is\\\/wp-content\\\/uploads\\\/2025\\\/07\\\/L_MR67D_23.jpg\",\"contentUrl\":\"https:\\\/\\\/markryden.is\\\/wp-content\\\/uploads\\\/2025\\\/07\\\/L_MR67D_23.jpg\",\"width\":600,\"height\":600},{\"@type\":\"BreadcrumbList\",\"@id\":\"https:\\\/\\\/markryden.is\\\/vara\\\/sheer-professional\\\/#breadcrumb\",\"itemListElement\":[{\"@type\":\"ListItem\",\"position\":1,\"name\":\"Home\",\"item\":\"https:\\\/\\\/markryden.is\\\/\"},{\"@type\":\"ListItem\",\"position\":2,\"name\":\"Shop\",\"item\":\"https:\\\/\\\/www.vorulagerinn.is\\\/heildsala\\\/en\\\/shop\\\/\"},{\"@type\":\"ListItem\",\"position\":3,\"name\":\"Sheer Professional fart\u00f6lvuvasi fyrir allt a\u00f0 15&#8243; fart\u00f6lvur\"}]},{\"@type\":\"WebSite\",\"@id\":\"https:\\\/\\\/markryden.is\\\/#website\",\"url\":\"https:\\\/\\\/markryden.is\\\/\",\"name\":\"Mark Ryden\",\"description\":\"H&aacute;g&aelig;&eth;a og vanda&eth;ar t&ouml;skur sem endast\",\"publisher\":{\"@id\":\"https:\\\/\\\/markryden.is\\\/#organization\"},\"potentialAction\":[{\"@type\":\"SearchAction\",\"target\":{\"@type\":\"EntryPoint\",\"urlTemplate\":\"https:\\\/\\\/markryden.is\\\/?s={search_term_string}\"},\"query-input\":{\"@type\":\"PropertyValueSpecification\",\"valueRequired\":true,\"valueName\":\"search_term_string\"}}],\"inLanguage\":\"en-US\"},{\"@type\":\"Organization\",\"@id\":\"https:\\\/\\\/markryden.is\\\/#organization\",\"name\":\"H\u00e1g\u00e6\u00f0a og vanda\u00f0ar v\u00f6rur sem endast\",\"url\":\"https:\\\/\\\/markryden.is\\\/\",\"logo\":{\"@type\":\"ImageObject\",\"inLanguage\":\"en-US\",\"@id\":\"https:\\\/\\\/markryden.is\\\/#\\\/schema\\\/logo\\\/image\\\/\",\"url\":\"https:\\\/\\\/markryden.is\\\/wp-content\\\/uploads\\\/2024\\\/08\\\/66_130x@2x-1.avif\",\"contentUrl\":\"https:\\\/\\\/markryden.is\\\/wp-content\\\/uploads\\\/2024\\\/08\\\/66_130x@2x-1.avif\",\"width\":260,\"height\":74,\"caption\":\"H\u00e1g\u00e6\u00f0a og vanda\u00f0ar v\u00f6rur sem endast\"},\"image\":{\"@id\":\"https:\\\/\\\/markryden.is\\\/#\\\/schema\\\/logo\\\/image\\\/\"},\"sameAs\":[\"https:\\\/\\\/www.facebook.com\\\/markrydeniceland\"]}]}<\/script>\n<!-- \/ Yoast SEO Premium plugin. -->","yoast_head_json":{"title":"Sheer Professional fart\u00f6lvuvasi fyrir allt a\u00f0 15\" fart\u00f6lvur","description":"Gl\u00e6silegur fart\u00f6lvuvasi fr\u00e1 Mark Ryden me\u00f0 segulfestingu. Fart\u00f6lvuvasinn er fyrir allt a\u00f0 15,4\u2033 fart\u00f6lvur. Mj\u00f6g g\u00f3\u00f0ur fart\u00f6lvuvasi fyrir f\u00f3lk \u00e1 fer\u00f0inni.","robots":{"index":"index","follow":"follow","max-snippet":"max-snippet:-1","max-image-preview":"max-image-preview:large","max-video-preview":"max-video-preview:-1"},"canonical":"https:\/\/markryden.is\/vara\/sheer-professional\/","og_locale":"en_US","og_type":"article","og_title":"Sheer Professional fart\u00f6lvuvasi fyrir allt a\u00f0 15\" fart\u00f6lvur","og_description":"Gl\u00e6silegur fart\u00f6lvuvasi fr\u00e1 Mark Ryden me\u00f0 segulfestingu. Fart\u00f6lvuvasinn er fyrir allt a\u00f0 15,4\u2033 fart\u00f6lvur. Mj\u00f6g g\u00f3\u00f0ur fart\u00f6lvuvasi fyrir f\u00f3lk \u00e1 fer\u00f0inni.","og_url":"https:\/\/markryden.is\/vara\/sheer-professional\/","og_site_name":"Mark Ryden","article_publisher":"https:\/\/www.facebook.com\/markrydeniceland","article_modified_time":"2026-02-19T11:47:01+00:00","og_image":[{"width":600,"height":600,"url":"https:\/\/markryden.is\/wp-content\/uploads\/2025\/07\/L_MR67D_23.jpg","type":"image\/jpeg"}],"twitter_card":"summary_large_image","twitter_misc":{"Est. reading time":"1 minute"},"schema":{"@context":"https:\/\/schema.org","@graph":[{"@type":"WebPage","@id":"https:\/\/markryden.is\/vara\/sheer-professional\/","url":"https:\/\/markryden.is\/vara\/sheer-professional\/","name":"Sheer Professional fart\u00f6lvuvasi fyrir allt a\u00f0 15\" fart\u00f6lvur","isPartOf":{"@id":"https:\/\/markryden.is\/#website"},"primaryImageOfPage":{"@id":"https:\/\/markryden.is\/vara\/sheer-professional\/#primaryimage"},"image":{"@id":"https:\/\/markryden.is\/vara\/sheer-professional\/#primaryimage"},"thumbnailUrl":"https:\/\/markryden.is\/wp-content\/uploads\/2025\/07\/L_MR67D_23.jpg","datePublished":"2025-07-12T09:24:05+00:00","dateModified":"2026-02-19T11:47:01+00:00","description":"Gl\u00e6silegur fart\u00f6lvuvasi fr\u00e1 Mark Ryden me\u00f0 segulfestingu. Fart\u00f6lvuvasinn er fyrir allt a\u00f0 15,4\u2033 fart\u00f6lvur. Mj\u00f6g g\u00f3\u00f0ur fart\u00f6lvuvasi fyrir f\u00f3lk \u00e1 fer\u00f0inni.","breadcrumb":{"@id":"https:\/\/markryden.is\/vara\/sheer-professional\/#breadcrumb"},"inLanguage":"en-US","potentialAction":[{"@type":"ReadAction","target":["https:\/\/markryden.is\/vara\/sheer-professional\/"]}]},{"@type":"ImageObject","inLanguage":"en-US","@id":"https:\/\/markryden.is\/vara\/sheer-professional\/#primaryimage","url":"https:\/\/markryden.is\/wp-content\/uploads\/2025\/07\/L_MR67D_23.jpg","contentUrl":"https:\/\/markryden.is\/wp-content\/uploads\/2025\/07\/L_MR67D_23.jpg","width":600,"height":600},{"@type":"BreadcrumbList","@id":"https:\/\/markryden.is\/vara\/sheer-professional\/#breadcrumb","itemListElement":[{"@type":"ListItem","position":1,"name":"Home","item":"https:\/\/markryden.is\/"},{"@type":"ListItem","position":2,"name":"Shop","item":"https:\/\/www.vorulagerinn.is\/heildsala\/en\/shop\/"},{"@type":"ListItem","position":3,"name":"Sheer Professional fart\u00f6lvuvasi fyrir allt a\u00f0 15&#8243; fart\u00f6lvur"}]},{"@type":"WebSite","@id":"https:\/\/markryden.is\/#website","url":"https:\/\/markryden.is\/","name":"Mark Ryden","description":"H&aacute;g&aelig;&eth;a og vanda&eth;ar t&ouml;skur sem endast","publisher":{"@id":"https:\/\/markryden.is\/#organization"},"potentialAction":[{"@type":"SearchAction","target":{"@type":"EntryPoint","urlTemplate":"https:\/\/markryden.is\/?s={search_term_string}"},"query-input":{"@type":"PropertyValueSpecification","valueRequired":true,"valueName":"search_term_string"}}],"inLanguage":"en-US"},{"@type":"Organization","@id":"https:\/\/markryden.is\/#organization","name":"H\u00e1g\u00e6\u00f0a og vanda\u00f0ar v\u00f6rur sem endast","url":"https:\/\/markryden.is\/","logo":{"@type":"ImageObject","inLanguage":"en-US","@id":"https:\/\/markryden.is\/#\/schema\/logo\/image\/","url":"https:\/\/markryden.is\/wp-content\/uploads\/2024\/08\/66_130x@2x-1.avif","contentUrl":"https:\/\/markryden.is\/wp-content\/uploads\/2024\/08\/66_130x@2x-1.avif","width":260,"height":74,"caption":"H\u00e1g\u00e6\u00f0a og vanda\u00f0ar v\u00f6rur sem endast"},"image":{"@id":"https:\/\/markryden.is\/#\/schema\/logo\/image\/"},"sameAs":["https:\/\/www.facebook.com\/markrydeniceland"]}]}},"_links":{"self":[{"href":"https:\/\/markryden.is\/en\/wp-json\/wp\/v2\/product\/24238","targetHints":{"allow":["GET"]}}],"collection":[{"href":"https:\/\/markryden.is\/en\/wp-json\/wp\/v2\/product"}],"about":[{"href":"https:\/\/markryden.is\/en\/wp-json\/wp\/v2\/types\/product"}],"wp:featuredmedia":[{"embeddable":true,"href":"https:\/\/markryden.is\/en\/wp-json\/wp\/v2\/media\/24232"}],"wp:attachment":[{"href":"https:\/\/markryden.is\/en\/wp-json\/wp\/v2\/media?parent=24238"}],"wp:term":[{"taxonomy":"product_brand","embeddable":true,"href":"https:\/\/markryden.is\/en\/wp-json\/wp\/v2\/product_brand?post=24238"},{"taxonomy":"product_cat","embeddable":true,"href":"https:\/\/markryden.is\/en\/wp-json\/wp\/v2\/product_cat?post=24238"},{"taxonomy":"product_tag","embeddable":true,"href":"https:\/\/markryden.is\/en\/wp-json\/wp\/v2\/product_tag?post=24238"}],"curies":[{"name":"wp","href":"https:\/\/api.w.org\/{rel}","templated":true}]}}