{"id":24368,"date":"2025-06-29T19:20:03","date_gmt":"2025-06-29T19:20:03","guid":{"rendered":"https:\/\/markryden.is\/product\/capaflex-er-rumgodur-staekkanlegur-22-29-litra-bakpoki-med-vasa-fyrir-allt-ad-173-fartolvur-129-spjaldtolvu\/"},"modified":"2025-09-21T09:24:26","modified_gmt":"2025-09-21T09:24:26","slug":"capaflex","status":"publish","type":"product","link":"https:\/\/markryden.is\/en\/product\/capaflex\/","title":{"rendered":"CapaFlex er r\u00famg\u00f3\u00f0ur &amp; st\u00e6kkanlegur 22-29 l\u00edtra bakpoki me\u00f0 vasa fyrir allt a\u00f0 17,3&#8243; fart\u00f6lvur &amp; 12,9&#8243; spjaldt\u00f6lvu"},"content":{"rendered":"","protected":false},"excerpt":{"rendered":"<p>Vanda\u00f0ur, st\u00edlhreinn og st\u00e6kkanlegur 22-29 l\u00edtra bakpoki me\u00f0 s\u00e9r vasa fyrir allt a\u00f0 17,3&#8243; fart\u00f6lvur og 12,9&#8243; spjaldt\u00f6lvur. Framan \u00e1 t\u00f6skunni er mj\u00f6g r\u00famg\u00f3\u00f0ur vasi \u00e1samt tveimur v\u00f6sum me\u00f0 rennil\u00e1s. \u00c1 hli\u00f0um eru vasar fyrir t.d. regnhl\u00edf og drykki. \u00c1 baki er r\u00famg\u00f3\u00f0ur renndur vasi. Innra r\u00fdmi t\u00f6skunnar er me\u00f0 s\u00e9r v\u00f6sum fyrir fart\u00f6lvur og spjaldt\u00f6lvur \u00e1samt tveimur opnum v\u00f6sum og einum renndum.<\/p>\n<p>&#8211; Litur: Svartur<br \/>\n&#8211; St\u00e6r\u00f0: 32 x 15 x 45 cm<br \/>\n&#8211; \u00deyngd: 1,2 kg<br \/>\n&#8211; Efni: Oxford<br \/>\n&#8211; Stillanleg b\u00f6nd: 45-95 cm<br \/>\n&#8211; S\u00e9r h\u00f3lf fyrir allt a\u00f0 15,6&#8243; fart\u00f6lvu<\/p>\n","protected":false},"featured_media":24362,"template":"","meta":[],"product_brand":[411],"product_cat":[403,407],"product_tag":[],"class_list":{"0":"post-24368","1":"product","2":"type-product","3":"status-publish","4":"has-post-thumbnail","6":"product_brand-mark-ryden","7":"product_cat-bakpokar","8":"product_cat-bakpokar-toskur","10":"first","11":"instock","12":"taxable","13":"shipping-taxable","14":"purchasable","15":"product-type-simple"},"yoast_head":"<!-- This site is optimized with the Yoast SEO Premium plugin v21.5 (Yoast SEO v27.3) - https:\/\/yoast.com\/product\/yoast-seo-premium-wordpress\/ -->\n<title>R\u00famg\u00f3\u00f0ur &amp; st\u00e6kkanlegur 22-29 l\u00edtra bakpoki | 17,3&quot; fart\u00f6lvur<\/title>\n<meta name=\"description\" content=\"CapaFlex fr\u00e1 Mark Ryden er vanda\u00f0ur, st\u00edlhreinn og st\u00e6kkanlegur 22-29 l\u00edtra bakpoki me\u00f0 s\u00e9r vasa fyrir allt a\u00f0 17,3&quot; fart\u00f6lvur og 12,9&quot; spjaldt\u00f6lvur.\" \/>\n<meta name=\"robots\" content=\"index, follow, max-snippet:-1, max-image-preview:large, max-video-preview:-1\" \/>\n<link rel=\"canonical\" href=\"https:\/\/markryden.is\/vara\/capaflex\/\" \/>\n<meta property=\"og:locale\" content=\"en_US\" \/>\n<meta property=\"og:type\" content=\"article\" \/>\n<meta property=\"og:title\" content=\"CapaFlex er r\u00famg\u00f3\u00f0ur &amp; st\u00e6kkanlegur 22-29 l\u00edtra bakpoki me\u00f0 vasa fyrir allt a\u00f0 17,3&quot; fart\u00f6lvur &amp; 12,9&quot; spjaldt\u00f6lvu\" \/>\n<meta property=\"og:description\" content=\"CapaFlex fr\u00e1 Mark Ryden er vanda\u00f0ur, st\u00edlhreinn og st\u00e6kkanlegur 22-29 l\u00edtra bakpoki me\u00f0 s\u00e9r vasa fyrir allt a\u00f0 17,3&quot; fart\u00f6lvur og 12,9&quot; spjaldt\u00f6lvur.\" \/>\n<meta property=\"og:url\" content=\"https:\/\/markryden.is\/vara\/capaflex\/\" \/>\n<meta property=\"og:site_name\" content=\"Mark Ryden\" \/>\n<meta property=\"article:publisher\" content=\"https:\/\/www.facebook.com\/markrydeniceland\" \/>\n<meta property=\"article:modified_time\" content=\"2025-09-21T09:24:26+00:00\" \/>\n<meta property=\"og:image\" content=\"https:\/\/markryden.is\/wp-content\/uploads\/2025\/07\/MR9779.jpg\" \/>\n\t<meta property=\"og:image:width\" content=\"600\" \/>\n\t<meta property=\"og:image:height\" content=\"600\" \/>\n\t<meta property=\"og:image:type\" content=\"image\/jpeg\" \/>\n<meta name=\"twitter:card\" content=\"summary_large_image\" \/>\n<meta name=\"twitter:label1\" content=\"Est. reading time\" \/>\n\t<meta name=\"twitter:data1\" content=\"1 minute\" \/>\n<script type=\"application\/ld+json\" class=\"yoast-schema-graph\">{\"@context\":\"https:\\\/\\\/schema.org\",\"@graph\":[{\"@type\":\"WebPage\",\"@id\":\"https:\\\/\\\/markryden.is\\\/vara\\\/capaflex\\\/\",\"url\":\"https:\\\/\\\/markryden.is\\\/vara\\\/capaflex\\\/\",\"name\":\"R\u00famg\u00f3\u00f0ur & st\u00e6kkanlegur 22-29 l\u00edtra bakpoki | 17,3\\\" fart\u00f6lvur\",\"isPartOf\":{\"@id\":\"https:\\\/\\\/markryden.is\\\/#website\"},\"primaryImageOfPage\":{\"@id\":\"https:\\\/\\\/markryden.is\\\/vara\\\/capaflex\\\/#primaryimage\"},\"image\":{\"@id\":\"https:\\\/\\\/markryden.is\\\/vara\\\/capaflex\\\/#primaryimage\"},\"thumbnailUrl\":\"https:\\\/\\\/markryden.is\\\/wp-content\\\/uploads\\\/2025\\\/07\\\/MR9779.jpg\",\"datePublished\":\"2025-06-29T19:20:03+00:00\",\"dateModified\":\"2025-09-21T09:24:26+00:00\",\"description\":\"CapaFlex fr\u00e1 Mark Ryden er vanda\u00f0ur, st\u00edlhreinn og st\u00e6kkanlegur 22-29 l\u00edtra bakpoki me\u00f0 s\u00e9r vasa fyrir allt a\u00f0 17,3\\\" fart\u00f6lvur og 12,9\\\" spjaldt\u00f6lvur.\",\"breadcrumb\":{\"@id\":\"https:\\\/\\\/markryden.is\\\/vara\\\/capaflex\\\/#breadcrumb\"},\"inLanguage\":\"en-US\",\"potentialAction\":[{\"@type\":\"ReadAction\",\"target\":[\"https:\\\/\\\/markryden.is\\\/vara\\\/capaflex\\\/\"]}]},{\"@type\":\"ImageObject\",\"inLanguage\":\"en-US\",\"@id\":\"https:\\\/\\\/markryden.is\\\/vara\\\/capaflex\\\/#primaryimage\",\"url\":\"https:\\\/\\\/markryden.is\\\/wp-content\\\/uploads\\\/2025\\\/07\\\/MR9779.jpg\",\"contentUrl\":\"https:\\\/\\\/markryden.is\\\/wp-content\\\/uploads\\\/2025\\\/07\\\/MR9779.jpg\",\"width\":600,\"height\":600},{\"@type\":\"BreadcrumbList\",\"@id\":\"https:\\\/\\\/markryden.is\\\/vara\\\/capaflex\\\/#breadcrumb\",\"itemListElement\":[{\"@type\":\"ListItem\",\"position\":1,\"name\":\"Home\",\"item\":\"https:\\\/\\\/markryden.is\\\/\"},{\"@type\":\"ListItem\",\"position\":2,\"name\":\"Shop\",\"item\":\"https:\\\/\\\/www.vorulagerinn.is\\\/heildsala\\\/en\\\/shop\\\/\"},{\"@type\":\"ListItem\",\"position\":3,\"name\":\"CapaFlex er r\u00famg\u00f3\u00f0ur &amp; st\u00e6kkanlegur 22-29 l\u00edtra bakpoki me\u00f0 vasa fyrir allt a\u00f0 17,3&#8243; fart\u00f6lvur &amp; 12,9&#8243; spjaldt\u00f6lvu\"}]},{\"@type\":\"WebSite\",\"@id\":\"https:\\\/\\\/markryden.is\\\/#website\",\"url\":\"https:\\\/\\\/markryden.is\\\/\",\"name\":\"Mark Ryden\",\"description\":\"H&aacute;g&aelig;&eth;a og vanda&eth;ar t&ouml;skur sem endast\",\"publisher\":{\"@id\":\"https:\\\/\\\/markryden.is\\\/#organization\"},\"potentialAction\":[{\"@type\":\"SearchAction\",\"target\":{\"@type\":\"EntryPoint\",\"urlTemplate\":\"https:\\\/\\\/markryden.is\\\/?s={search_term_string}\"},\"query-input\":{\"@type\":\"PropertyValueSpecification\",\"valueRequired\":true,\"valueName\":\"search_term_string\"}}],\"inLanguage\":\"en-US\"},{\"@type\":\"Organization\",\"@id\":\"https:\\\/\\\/markryden.is\\\/#organization\",\"name\":\"H\u00e1g\u00e6\u00f0a og vanda\u00f0ar v\u00f6rur sem endast\",\"url\":\"https:\\\/\\\/markryden.is\\\/\",\"logo\":{\"@type\":\"ImageObject\",\"inLanguage\":\"en-US\",\"@id\":\"https:\\\/\\\/markryden.is\\\/#\\\/schema\\\/logo\\\/image\\\/\",\"url\":\"https:\\\/\\\/markryden.is\\\/wp-content\\\/uploads\\\/2024\\\/08\\\/66_130x@2x-1.avif\",\"contentUrl\":\"https:\\\/\\\/markryden.is\\\/wp-content\\\/uploads\\\/2024\\\/08\\\/66_130x@2x-1.avif\",\"width\":260,\"height\":74,\"caption\":\"H\u00e1g\u00e6\u00f0a og vanda\u00f0ar v\u00f6rur sem endast\"},\"image\":{\"@id\":\"https:\\\/\\\/markryden.is\\\/#\\\/schema\\\/logo\\\/image\\\/\"},\"sameAs\":[\"https:\\\/\\\/www.facebook.com\\\/markrydeniceland\"]}]}<\/script>\n<!-- \/ Yoast SEO Premium plugin. -->","yoast_head_json":{"title":"R\u00famg\u00f3\u00f0ur & st\u00e6kkanlegur 22-29 l\u00edtra bakpoki | 17,3\" fart\u00f6lvur","description":"CapaFlex fr\u00e1 Mark Ryden er vanda\u00f0ur, st\u00edlhreinn og st\u00e6kkanlegur 22-29 l\u00edtra bakpoki me\u00f0 s\u00e9r vasa fyrir allt a\u00f0 17,3\" fart\u00f6lvur og 12,9\" spjaldt\u00f6lvur.","robots":{"index":"index","follow":"follow","max-snippet":"max-snippet:-1","max-image-preview":"max-image-preview:large","max-video-preview":"max-video-preview:-1"},"canonical":"https:\/\/markryden.is\/vara\/capaflex\/","og_locale":"en_US","og_type":"article","og_title":"CapaFlex er r\u00famg\u00f3\u00f0ur &amp; st\u00e6kkanlegur 22-29 l\u00edtra bakpoki me\u00f0 vasa fyrir allt a\u00f0 17,3\" fart\u00f6lvur &amp; 12,9\" spjaldt\u00f6lvu","og_description":"CapaFlex fr\u00e1 Mark Ryden er vanda\u00f0ur, st\u00edlhreinn og st\u00e6kkanlegur 22-29 l\u00edtra bakpoki me\u00f0 s\u00e9r vasa fyrir allt a\u00f0 17,3\" fart\u00f6lvur og 12,9\" spjaldt\u00f6lvur.","og_url":"https:\/\/markryden.is\/vara\/capaflex\/","og_site_name":"Mark Ryden","article_publisher":"https:\/\/www.facebook.com\/markrydeniceland","article_modified_time":"2025-09-21T09:24:26+00:00","og_image":[{"width":600,"height":600,"url":"https:\/\/markryden.is\/wp-content\/uploads\/2025\/07\/MR9779.jpg","type":"image\/jpeg"}],"twitter_card":"summary_large_image","twitter_misc":{"Est. reading time":"1 minute"},"schema":{"@context":"https:\/\/schema.org","@graph":[{"@type":"WebPage","@id":"https:\/\/markryden.is\/vara\/capaflex\/","url":"https:\/\/markryden.is\/vara\/capaflex\/","name":"R\u00famg\u00f3\u00f0ur & st\u00e6kkanlegur 22-29 l\u00edtra bakpoki | 17,3\" fart\u00f6lvur","isPartOf":{"@id":"https:\/\/markryden.is\/#website"},"primaryImageOfPage":{"@id":"https:\/\/markryden.is\/vara\/capaflex\/#primaryimage"},"image":{"@id":"https:\/\/markryden.is\/vara\/capaflex\/#primaryimage"},"thumbnailUrl":"https:\/\/markryden.is\/wp-content\/uploads\/2025\/07\/MR9779.jpg","datePublished":"2025-06-29T19:20:03+00:00","dateModified":"2025-09-21T09:24:26+00:00","description":"CapaFlex fr\u00e1 Mark Ryden er vanda\u00f0ur, st\u00edlhreinn og st\u00e6kkanlegur 22-29 l\u00edtra bakpoki me\u00f0 s\u00e9r vasa fyrir allt a\u00f0 17,3\" fart\u00f6lvur og 12,9\" spjaldt\u00f6lvur.","breadcrumb":{"@id":"https:\/\/markryden.is\/vara\/capaflex\/#breadcrumb"},"inLanguage":"en-US","potentialAction":[{"@type":"ReadAction","target":["https:\/\/markryden.is\/vara\/capaflex\/"]}]},{"@type":"ImageObject","inLanguage":"en-US","@id":"https:\/\/markryden.is\/vara\/capaflex\/#primaryimage","url":"https:\/\/markryden.is\/wp-content\/uploads\/2025\/07\/MR9779.jpg","contentUrl":"https:\/\/markryden.is\/wp-content\/uploads\/2025\/07\/MR9779.jpg","width":600,"height":600},{"@type":"BreadcrumbList","@id":"https:\/\/markryden.is\/vara\/capaflex\/#breadcrumb","itemListElement":[{"@type":"ListItem","position":1,"name":"Home","item":"https:\/\/markryden.is\/"},{"@type":"ListItem","position":2,"name":"Shop","item":"https:\/\/www.vorulagerinn.is\/heildsala\/en\/shop\/"},{"@type":"ListItem","position":3,"name":"CapaFlex er r\u00famg\u00f3\u00f0ur &amp; st\u00e6kkanlegur 22-29 l\u00edtra bakpoki me\u00f0 vasa fyrir allt a\u00f0 17,3&#8243; fart\u00f6lvur &amp; 12,9&#8243; spjaldt\u00f6lvu"}]},{"@type":"WebSite","@id":"https:\/\/markryden.is\/#website","url":"https:\/\/markryden.is\/","name":"Mark Ryden","description":"H&aacute;g&aelig;&eth;a og vanda&eth;ar t&ouml;skur sem endast","publisher":{"@id":"https:\/\/markryden.is\/#organization"},"potentialAction":[{"@type":"SearchAction","target":{"@type":"EntryPoint","urlTemplate":"https:\/\/markryden.is\/?s={search_term_string}"},"query-input":{"@type":"PropertyValueSpecification","valueRequired":true,"valueName":"search_term_string"}}],"inLanguage":"en-US"},{"@type":"Organization","@id":"https:\/\/markryden.is\/#organization","name":"H\u00e1g\u00e6\u00f0a og vanda\u00f0ar v\u00f6rur sem endast","url":"https:\/\/markryden.is\/","logo":{"@type":"ImageObject","inLanguage":"en-US","@id":"https:\/\/markryden.is\/#\/schema\/logo\/image\/","url":"https:\/\/markryden.is\/wp-content\/uploads\/2024\/08\/66_130x@2x-1.avif","contentUrl":"https:\/\/markryden.is\/wp-content\/uploads\/2024\/08\/66_130x@2x-1.avif","width":260,"height":74,"caption":"H\u00e1g\u00e6\u00f0a og vanda\u00f0ar v\u00f6rur sem endast"},"image":{"@id":"https:\/\/markryden.is\/#\/schema\/logo\/image\/"},"sameAs":["https:\/\/www.facebook.com\/markrydeniceland"]}]}},"_links":{"self":[{"href":"https:\/\/markryden.is\/en\/wp-json\/wp\/v2\/product\/24368","targetHints":{"allow":["GET"]}}],"collection":[{"href":"https:\/\/markryden.is\/en\/wp-json\/wp\/v2\/product"}],"about":[{"href":"https:\/\/markryden.is\/en\/wp-json\/wp\/v2\/types\/product"}],"wp:featuredmedia":[{"embeddable":true,"href":"https:\/\/markryden.is\/en\/wp-json\/wp\/v2\/media\/24362"}],"wp:attachment":[{"href":"https:\/\/markryden.is\/en\/wp-json\/wp\/v2\/media?parent=24368"}],"wp:term":[{"taxonomy":"product_brand","embeddable":true,"href":"https:\/\/markryden.is\/en\/wp-json\/wp\/v2\/product_brand?post=24368"},{"taxonomy":"product_cat","embeddable":true,"href":"https:\/\/markryden.is\/en\/wp-json\/wp\/v2\/product_cat?post=24368"},{"taxonomy":"product_tag","embeddable":true,"href":"https:\/\/markryden.is\/en\/wp-json\/wp\/v2\/product_tag?post=24368"}],"curies":[{"name":"wp","href":"https:\/\/api.w.org\/{rel}","templated":true}]}}