{"id":24463,"date":"2025-09-11T08:43:04","date_gmt":"2025-09-11T08:43:04","guid":{"rendered":"https:\/\/markryden.is\/product\/mr-9711-00\/"},"modified":"2026-02-15T19:20:32","modified_gmt":"2026-02-15T19:20:32","slug":"mochila-i","status":"publish","type":"product","link":"https:\/\/markryden.is\/en\/product\/mochila-i\/","title":{"rendered":"Mochila I er r\u00famg\u00f3\u00f0ur h\u00e1g\u00e6\u00f0a bakpoki me\u00f0 h\u00f3lf fyrir allt a\u00f0 17,3&#8243; fart\u00f6lvur og 11&#8243; spjaldt\u00f6lvur, Ykk h\u00e1g\u00e6\u00f0a rennil\u00e1sar, USB-A &amp; USB-C hle\u00f0slutengi til a\u00f0 hla\u00f0a snjallt\u00e6kin \u00e1 fer\u00f0inni"},"content":{"rendered":"<div style=\"width: 1020px;\" class=\"wp-video\"><video class=\"wp-video-shortcode\" id=\"video-24463-1\" width=\"1020\" height=\"574\" preload=\"metadata\" controls=\"controls\"><source type=\"video\/mp4\" src=\"https:\/\/fodurlandid.is\/wp-content\/uploads\/2025\/09\/MR-9711-00.mp4?_=1\" \/><a href=\"https:\/\/fodurlandid.is\/wp-content\/uploads\/2025\/09\/MR-9711-00.mp4\">https:\/\/fodurlandid.is\/wp-content\/uploads\/2025\/09\/MR-9711-00.mp4<\/a><\/video><\/div>\n","protected":false},"excerpt":{"rendered":"<p>St\u00edlhrein og falleg 19,4 l\u00edtra bakpoki me\u00f0 gott geymslur\u00fdmi undir \u00fea\u00f0 helsta. Framan \u00e1 t\u00f6skunni er vasi me\u00f0 rennil\u00e1s og annar st\u00f3r renndur vasi fyrir aftan. Innra r\u00fdmi t\u00f6skunnar er tv\u00edskipt. \u00d6\u00f0ru megin er st\u00f3rt r\u00fdmi me\u00f0 \u00feremur v\u00f6sum \u00e1samt USB-A og USB-C hle\u00f0slusn\u00farum sem h\u00e6gt er a\u00f0 tengja vi\u00f0 hle\u00f0slubanka sem geymdur er ofan \u00ed t\u00f6skunni. \u00cd hinu r\u00fdminu er s\u00e9r h\u00f3lf fyrir allt a\u00f0 17,3&#8243; fart\u00f6lvur og anna\u00f0 h\u00f3lf fyrir allt a\u00f0 11&#8243; spjaldt\u00f6lvur \u00e1samt fj\u00f3rum v\u00f6sum. Aftan \u00e1 t\u00f6skunni er h\u00f3lf me\u00f0 rennil\u00e1s \u00e1samt vasa \u00e1 axlar\u00f3l me\u00f0 rennil\u00e1s fyrir t.d. kort, se\u00f0la o.fl.<\/p>\n<p>\u00c1 bakpokanum er festing sem gerir \u00fe\u00e9r kleift a\u00f0 festa t\u00f6skuna beint \u00e1 handfangi\u00f0 \u00e1 fer\u00f0at\u00f6skunni sem vi\u00f0 dr\u00f6gum \u00e1 eftir okkur \u00e1 flugv\u00f6llum. Fr\u00e1b\u00e6r pakpoki me\u00f0 g\u00f3\u00f0ri \u00f6ndun sem hentar einstaklega vel fyrir sk\u00f3la, vinnu og fer\u00f0al\u00f6g.<\/p>\n<p>&#8211; Litur: Svartur<br \/>\n&#8211; St\u00e6r\u00f0: 49*33*12 (19,4 l\u00edtrar)<br \/>\n&#8211; \u00deyngd: 1,41 kg<br \/>\n&#8211; Efni: High-density Oxford fabric, water-resistant &amp; scratch-resistant<br \/>\n&#8211; Axlarb\u00f6nd: 45-95 cm<br \/>\n&#8211; YKK h\u00e1g\u00e6\u00f0a rennil\u00e1sar<br \/>\n&#8211; USB-A &amp; USB-C hle\u00f0slutengi<\/p>\n","protected":false},"featured_media":24461,"template":"","meta":[],"product_brand":[411],"product_cat":[403],"product_tag":[],"class_list":{"0":"post-24463","1":"product","2":"type-product","3":"status-publish","4":"has-post-thumbnail","6":"product_brand-mark-ryden","7":"product_cat-bakpokar","9":"first","10":"instock","11":"taxable","12":"shipping-taxable","13":"purchasable","14":"product-type-simple"},"yoast_head":"<!-- This site is optimized with the Yoast SEO Premium plugin v21.5 (Yoast SEO v27.3) - https:\/\/yoast.com\/product\/yoast-seo-premium-wordpress\/ -->\n<title>Mochila I er r\u00famg\u00f3\u00f0ur bakpoki fyrir allt a\u00f0 17,3&quot; fart\u00f6lvur | YKK<\/title>\n<meta name=\"description\" content=\"Falleg 19,4 l\u00edtra bakpoki me\u00f0 gott geymslur\u00fdmi. USB-A &amp; USB-C hle\u00f0slusn\u00farur sem h\u00e6gt er a\u00f0 tengja vi\u00f0 hle\u00f0slubanka og hla\u00f0a snjallt\u00e6kin \u00e1 fer\u00f0inni.\" \/>\n<meta name=\"robots\" content=\"index, follow, max-snippet:-1, max-image-preview:large, max-video-preview:-1\" \/>\n<link rel=\"canonical\" href=\"https:\/\/markryden.is\/vara\/mochila-i\/\" \/>\n<meta property=\"og:locale\" content=\"en_US\" \/>\n<meta property=\"og:type\" content=\"article\" \/>\n<meta property=\"og:title\" content=\"Mochila I er r\u00famg\u00f3\u00f0ur h\u00e1g\u00e6\u00f0a bakpoki me\u00f0 h\u00f3lf fyrir allt a\u00f0 17,3&quot; fart\u00f6lvur og 11&quot; spjaldt\u00f6lvur, Ykk h\u00e1g\u00e6\u00f0a rennil\u00e1sar, USB-A &amp; USB-C hle\u00f0slutengi til a\u00f0 hla\u00f0a snjallt\u00e6kin \u00e1 fer\u00f0inni\" \/>\n<meta property=\"og:description\" content=\"Falleg 19,4 l\u00edtra bakpoki me\u00f0 gott geymslur\u00fdmi. USB-A &amp; USB-C hle\u00f0slusn\u00farur sem h\u00e6gt er a\u00f0 tengja vi\u00f0 hle\u00f0slubanka og hla\u00f0a snjallt\u00e6kin \u00e1 fer\u00f0inni.\" \/>\n<meta property=\"og:url\" content=\"https:\/\/markryden.is\/vara\/mochila-i\/\" \/>\n<meta property=\"og:site_name\" content=\"Mark Ryden\" \/>\n<meta property=\"article:publisher\" content=\"https:\/\/www.facebook.com\/markrydeniceland\" \/>\n<meta property=\"article:modified_time\" content=\"2026-02-15T19:20:32+00:00\" \/>\n<meta property=\"og:image\" content=\"https:\/\/markryden.is\/wp-content\/uploads\/2025\/09\/MR-9711.jpg\" \/>\n\t<meta property=\"og:image:width\" content=\"600\" \/>\n\t<meta property=\"og:image:height\" content=\"600\" \/>\n\t<meta property=\"og:image:type\" content=\"image\/jpeg\" \/>\n<meta name=\"twitter:card\" content=\"summary_large_image\" \/>\n<meta name=\"twitter:label1\" content=\"Est. reading time\" \/>\n\t<meta name=\"twitter:data1\" content=\"1 minute\" \/>\n<script type=\"application\/ld+json\" class=\"yoast-schema-graph\">{\"@context\":\"https:\\\/\\\/schema.org\",\"@graph\":[{\"@type\":\"WebPage\",\"@id\":\"https:\\\/\\\/markryden.is\\\/vara\\\/mochila-i\\\/\",\"url\":\"https:\\\/\\\/markryden.is\\\/vara\\\/mochila-i\\\/\",\"name\":\"Mochila I er r\u00famg\u00f3\u00f0ur bakpoki fyrir allt a\u00f0 17,3\\\" fart\u00f6lvur | YKK\",\"isPartOf\":{\"@id\":\"https:\\\/\\\/markryden.is\\\/#website\"},\"primaryImageOfPage\":{\"@id\":\"https:\\\/\\\/markryden.is\\\/vara\\\/mochila-i\\\/#primaryimage\"},\"image\":{\"@id\":\"https:\\\/\\\/markryden.is\\\/vara\\\/mochila-i\\\/#primaryimage\"},\"thumbnailUrl\":\"https:\\\/\\\/markryden.is\\\/wp-content\\\/uploads\\\/2025\\\/09\\\/MR-9711.jpg\",\"datePublished\":\"2025-09-11T08:43:04+00:00\",\"dateModified\":\"2026-02-15T19:20:32+00:00\",\"description\":\"Falleg 19,4 l\u00edtra bakpoki me\u00f0 gott geymslur\u00fdmi. USB-A & USB-C hle\u00f0slusn\u00farur sem h\u00e6gt er a\u00f0 tengja vi\u00f0 hle\u00f0slubanka og hla\u00f0a snjallt\u00e6kin \u00e1 fer\u00f0inni.\",\"breadcrumb\":{\"@id\":\"https:\\\/\\\/markryden.is\\\/vara\\\/mochila-i\\\/#breadcrumb\"},\"inLanguage\":\"en-US\",\"potentialAction\":[{\"@type\":\"ReadAction\",\"target\":[\"https:\\\/\\\/markryden.is\\\/vara\\\/mochila-i\\\/\"]}]},{\"@type\":\"ImageObject\",\"inLanguage\":\"en-US\",\"@id\":\"https:\\\/\\\/markryden.is\\\/vara\\\/mochila-i\\\/#primaryimage\",\"url\":\"https:\\\/\\\/markryden.is\\\/wp-content\\\/uploads\\\/2025\\\/09\\\/MR-9711.jpg\",\"contentUrl\":\"https:\\\/\\\/markryden.is\\\/wp-content\\\/uploads\\\/2025\\\/09\\\/MR-9711.jpg\",\"width\":600,\"height\":600},{\"@type\":\"BreadcrumbList\",\"@id\":\"https:\\\/\\\/markryden.is\\\/vara\\\/mochila-i\\\/#breadcrumb\",\"itemListElement\":[{\"@type\":\"ListItem\",\"position\":1,\"name\":\"Home\",\"item\":\"https:\\\/\\\/markryden.is\\\/\"},{\"@type\":\"ListItem\",\"position\":2,\"name\":\"Shop\",\"item\":\"https:\\\/\\\/www.vorulagerinn.is\\\/heildsala\\\/en\\\/shop\\\/\"},{\"@type\":\"ListItem\",\"position\":3,\"name\":\"Mochila I er r\u00famg\u00f3\u00f0ur h\u00e1g\u00e6\u00f0a bakpoki me\u00f0 h\u00f3lf fyrir allt a\u00f0 17,3&#8243; fart\u00f6lvur og 11&#8243; spjaldt\u00f6lvur, Ykk h\u00e1g\u00e6\u00f0a rennil\u00e1sar, USB-A &amp; USB-C hle\u00f0slutengi til a\u00f0 hla\u00f0a snjallt\u00e6kin \u00e1 fer\u00f0inni\"}]},{\"@type\":\"WebSite\",\"@id\":\"https:\\\/\\\/markryden.is\\\/#website\",\"url\":\"https:\\\/\\\/markryden.is\\\/\",\"name\":\"Mark Ryden\",\"description\":\"H&aacute;g&aelig;&eth;a og vanda&eth;ar t&ouml;skur sem endast\",\"publisher\":{\"@id\":\"https:\\\/\\\/markryden.is\\\/#organization\"},\"potentialAction\":[{\"@type\":\"SearchAction\",\"target\":{\"@type\":\"EntryPoint\",\"urlTemplate\":\"https:\\\/\\\/markryden.is\\\/?s={search_term_string}\"},\"query-input\":{\"@type\":\"PropertyValueSpecification\",\"valueRequired\":true,\"valueName\":\"search_term_string\"}}],\"inLanguage\":\"en-US\"},{\"@type\":\"Organization\",\"@id\":\"https:\\\/\\\/markryden.is\\\/#organization\",\"name\":\"H\u00e1g\u00e6\u00f0a og vanda\u00f0ar v\u00f6rur sem endast\",\"url\":\"https:\\\/\\\/markryden.is\\\/\",\"logo\":{\"@type\":\"ImageObject\",\"inLanguage\":\"en-US\",\"@id\":\"https:\\\/\\\/markryden.is\\\/#\\\/schema\\\/logo\\\/image\\\/\",\"url\":\"https:\\\/\\\/markryden.is\\\/wp-content\\\/uploads\\\/2024\\\/08\\\/66_130x@2x-1.avif\",\"contentUrl\":\"https:\\\/\\\/markryden.is\\\/wp-content\\\/uploads\\\/2024\\\/08\\\/66_130x@2x-1.avif\",\"width\":260,\"height\":74,\"caption\":\"H\u00e1g\u00e6\u00f0a og vanda\u00f0ar v\u00f6rur sem endast\"},\"image\":{\"@id\":\"https:\\\/\\\/markryden.is\\\/#\\\/schema\\\/logo\\\/image\\\/\"},\"sameAs\":[\"https:\\\/\\\/www.facebook.com\\\/markrydeniceland\"]}]}<\/script>\n<!-- \/ Yoast SEO Premium plugin. -->","yoast_head_json":{"title":"Mochila I er r\u00famg\u00f3\u00f0ur bakpoki fyrir allt a\u00f0 17,3\" fart\u00f6lvur | YKK","description":"Falleg 19,4 l\u00edtra bakpoki me\u00f0 gott geymslur\u00fdmi. USB-A & USB-C hle\u00f0slusn\u00farur sem h\u00e6gt er a\u00f0 tengja vi\u00f0 hle\u00f0slubanka og hla\u00f0a snjallt\u00e6kin \u00e1 fer\u00f0inni.","robots":{"index":"index","follow":"follow","max-snippet":"max-snippet:-1","max-image-preview":"max-image-preview:large","max-video-preview":"max-video-preview:-1"},"canonical":"https:\/\/markryden.is\/vara\/mochila-i\/","og_locale":"en_US","og_type":"article","og_title":"Mochila I er r\u00famg\u00f3\u00f0ur h\u00e1g\u00e6\u00f0a bakpoki me\u00f0 h\u00f3lf fyrir allt a\u00f0 17,3\" fart\u00f6lvur og 11\" spjaldt\u00f6lvur, Ykk h\u00e1g\u00e6\u00f0a rennil\u00e1sar, USB-A &amp; USB-C hle\u00f0slutengi til a\u00f0 hla\u00f0a snjallt\u00e6kin \u00e1 fer\u00f0inni","og_description":"Falleg 19,4 l\u00edtra bakpoki me\u00f0 gott geymslur\u00fdmi. USB-A & USB-C hle\u00f0slusn\u00farur sem h\u00e6gt er a\u00f0 tengja vi\u00f0 hle\u00f0slubanka og hla\u00f0a snjallt\u00e6kin \u00e1 fer\u00f0inni.","og_url":"https:\/\/markryden.is\/vara\/mochila-i\/","og_site_name":"Mark Ryden","article_publisher":"https:\/\/www.facebook.com\/markrydeniceland","article_modified_time":"2026-02-15T19:20:32+00:00","og_image":[{"width":600,"height":600,"url":"https:\/\/markryden.is\/wp-content\/uploads\/2025\/09\/MR-9711.jpg","type":"image\/jpeg"}],"twitter_card":"summary_large_image","twitter_misc":{"Est. reading time":"1 minute"},"schema":{"@context":"https:\/\/schema.org","@graph":[{"@type":"WebPage","@id":"https:\/\/markryden.is\/vara\/mochila-i\/","url":"https:\/\/markryden.is\/vara\/mochila-i\/","name":"Mochila I er r\u00famg\u00f3\u00f0ur bakpoki fyrir allt a\u00f0 17,3\" fart\u00f6lvur | YKK","isPartOf":{"@id":"https:\/\/markryden.is\/#website"},"primaryImageOfPage":{"@id":"https:\/\/markryden.is\/vara\/mochila-i\/#primaryimage"},"image":{"@id":"https:\/\/markryden.is\/vara\/mochila-i\/#primaryimage"},"thumbnailUrl":"https:\/\/markryden.is\/wp-content\/uploads\/2025\/09\/MR-9711.jpg","datePublished":"2025-09-11T08:43:04+00:00","dateModified":"2026-02-15T19:20:32+00:00","description":"Falleg 19,4 l\u00edtra bakpoki me\u00f0 gott geymslur\u00fdmi. USB-A & USB-C hle\u00f0slusn\u00farur sem h\u00e6gt er a\u00f0 tengja vi\u00f0 hle\u00f0slubanka og hla\u00f0a snjallt\u00e6kin \u00e1 fer\u00f0inni.","breadcrumb":{"@id":"https:\/\/markryden.is\/vara\/mochila-i\/#breadcrumb"},"inLanguage":"en-US","potentialAction":[{"@type":"ReadAction","target":["https:\/\/markryden.is\/vara\/mochila-i\/"]}]},{"@type":"ImageObject","inLanguage":"en-US","@id":"https:\/\/markryden.is\/vara\/mochila-i\/#primaryimage","url":"https:\/\/markryden.is\/wp-content\/uploads\/2025\/09\/MR-9711.jpg","contentUrl":"https:\/\/markryden.is\/wp-content\/uploads\/2025\/09\/MR-9711.jpg","width":600,"height":600},{"@type":"BreadcrumbList","@id":"https:\/\/markryden.is\/vara\/mochila-i\/#breadcrumb","itemListElement":[{"@type":"ListItem","position":1,"name":"Home","item":"https:\/\/markryden.is\/"},{"@type":"ListItem","position":2,"name":"Shop","item":"https:\/\/www.vorulagerinn.is\/heildsala\/en\/shop\/"},{"@type":"ListItem","position":3,"name":"Mochila I er r\u00famg\u00f3\u00f0ur h\u00e1g\u00e6\u00f0a bakpoki me\u00f0 h\u00f3lf fyrir allt a\u00f0 17,3&#8243; fart\u00f6lvur og 11&#8243; spjaldt\u00f6lvur, Ykk h\u00e1g\u00e6\u00f0a rennil\u00e1sar, USB-A &amp; USB-C hle\u00f0slutengi til a\u00f0 hla\u00f0a snjallt\u00e6kin \u00e1 fer\u00f0inni"}]},{"@type":"WebSite","@id":"https:\/\/markryden.is\/#website","url":"https:\/\/markryden.is\/","name":"Mark Ryden","description":"H&aacute;g&aelig;&eth;a og vanda&eth;ar t&ouml;skur sem endast","publisher":{"@id":"https:\/\/markryden.is\/#organization"},"potentialAction":[{"@type":"SearchAction","target":{"@type":"EntryPoint","urlTemplate":"https:\/\/markryden.is\/?s={search_term_string}"},"query-input":{"@type":"PropertyValueSpecification","valueRequired":true,"valueName":"search_term_string"}}],"inLanguage":"en-US"},{"@type":"Organization","@id":"https:\/\/markryden.is\/#organization","name":"H\u00e1g\u00e6\u00f0a og vanda\u00f0ar v\u00f6rur sem endast","url":"https:\/\/markryden.is\/","logo":{"@type":"ImageObject","inLanguage":"en-US","@id":"https:\/\/markryden.is\/#\/schema\/logo\/image\/","url":"https:\/\/markryden.is\/wp-content\/uploads\/2024\/08\/66_130x@2x-1.avif","contentUrl":"https:\/\/markryden.is\/wp-content\/uploads\/2024\/08\/66_130x@2x-1.avif","width":260,"height":74,"caption":"H\u00e1g\u00e6\u00f0a og vanda\u00f0ar v\u00f6rur sem endast"},"image":{"@id":"https:\/\/markryden.is\/#\/schema\/logo\/image\/"},"sameAs":["https:\/\/www.facebook.com\/markrydeniceland"]}]}},"_links":{"self":[{"href":"https:\/\/markryden.is\/en\/wp-json\/wp\/v2\/product\/24463","targetHints":{"allow":["GET"]}}],"collection":[{"href":"https:\/\/markryden.is\/en\/wp-json\/wp\/v2\/product"}],"about":[{"href":"https:\/\/markryden.is\/en\/wp-json\/wp\/v2\/types\/product"}],"wp:featuredmedia":[{"embeddable":true,"href":"https:\/\/markryden.is\/en\/wp-json\/wp\/v2\/media\/24461"}],"wp:attachment":[{"href":"https:\/\/markryden.is\/en\/wp-json\/wp\/v2\/media?parent=24463"}],"wp:term":[{"taxonomy":"product_brand","embeddable":true,"href":"https:\/\/markryden.is\/en\/wp-json\/wp\/v2\/product_brand?post=24463"},{"taxonomy":"product_cat","embeddable":true,"href":"https:\/\/markryden.is\/en\/wp-json\/wp\/v2\/product_cat?post=24463"},{"taxonomy":"product_tag","embeddable":true,"href":"https:\/\/markryden.is\/en\/wp-json\/wp\/v2\/product_tag?post=24463"}],"curies":[{"name":"wp","href":"https:\/\/api.w.org\/{rel}","templated":true}]}}