{"id":24468,"date":"2025-09-11T12:00:03","date_gmt":"2025-09-11T12:00:03","guid":{"rendered":"https:\/\/markryden.is\/product\/minimalism-i-er-staekkanlegur-bakpoki-fyrir-daglega-notkun\/"},"modified":"2026-02-15T19:24:25","modified_gmt":"2026-02-15T19:24:25","slug":"minimalism-i","status":"publish","type":"product","link":"https:\/\/markryden.is\/en\/product\/minimalism-i\/","title":{"rendered":"Minimalism I er st\u00e6kkanlegur bakpoki fyrir daglega notkun"},"content":{"rendered":"<div style=\"width: 1020px;\" class=\"wp-video\"><video class=\"wp-video-shortcode\" id=\"video-24468-1\" width=\"1020\" height=\"574\" preload=\"metadata\" controls=\"controls\"><source type=\"video\/mp4\" src=\"https:\/\/fodurlandid.is\/wp-content\/uploads\/2025\/09\/L-Mr9366-00_.mp4?_=1\" \/><a href=\"https:\/\/fodurlandid.is\/wp-content\/uploads\/2025\/09\/L-Mr9366-00_.mp4\">https:\/\/fodurlandid.is\/wp-content\/uploads\/2025\/09\/L-Mr9366-00_.mp4<\/a><\/video><\/div>\n","protected":false},"excerpt":{"rendered":"<p>Gl\u00e6silegur bakpoki fyrir a\u00f0 allt a\u00f0 17,3&#8243; fart\u00f6lvur. Framan \u00e1 bakpokanum er vasi me\u00f0 segulsmellu. Innra r\u00fdmi t\u00f6skunnar er me\u00f0 einu st\u00f3ru h\u00f3lfi \u00e1samt renndum vasa. Aftan \u00e1 t\u00f6skunni er st\u00f3r vasi me\u00f0 rennul\u00e1s t.d. fyrir spjaldt\u00f6lvur. Bakpokinn er 16 l\u00edtra en st\u00e6kkanlegur \u00ed 22 l\u00edtra. Taskan er me\u00f0 h\u00e1g\u00e6\u00f0a YKK rennil\u00e1sum sem duga mun lengur en hef\u00f0bundnir rennil\u00e1sar.<\/p>\n<p>Sj\u00e1 myndband af v\u00f6ru ne\u00f0ar \u00e1 \u00feessari s\u00ed\u00f0u.<\/p>\n<p>Litur: Svartur<br \/>\nSt\u00e6r\u00f0: 42*30*13 cm \/ st\u00e6kkanlegur \u00ed 58x30x13 cm<br \/>\n\u00deyngd: 0,9 kg<br \/>\nEfni: 900D Oxford fabric, water-resistant, dirt-resistant &amp; scratch-resistant<br \/>\nAxlarb\u00f6nd: 45-95 cm<br \/>\nYKK h\u00e1g\u00e6\u00f0a rennil\u00e1sar<\/p>\n","protected":false},"featured_media":24464,"template":"","meta":[],"product_brand":[411],"product_cat":[403],"product_tag":[],"class_list":{"0":"post-24468","1":"product","2":"type-product","3":"status-publish","4":"has-post-thumbnail","6":"product_brand-mark-ryden","7":"product_cat-bakpokar","9":"first","10":"instock","11":"taxable","12":"shipping-taxable","13":"purchasable","14":"product-type-simple"},"yoast_head":"<!-- This site is optimized with the Yoast SEO Premium plugin v21.5 (Yoast SEO v27.3) - https:\/\/yoast.com\/product\/yoast-seo-premium-wordpress\/ -->\n<title>Minimalism I er st\u00e6kkanlegur bakpoki fyrir daglega notkun<\/title>\n<meta name=\"description\" content=\"Fallegur bakpoki fyrir a\u00f0 allt a\u00f0 17,3\u2033 fart\u00f6lvur. Bakpokinn er 16 l\u00edtra en st\u00e6kkanlegur \u00ed 22 l\u00edtra. H\u00e1g\u00e6\u00f0a YKK rennil\u00e1sar sem duga mun lengur\" \/>\n<meta name=\"robots\" content=\"index, follow, max-snippet:-1, max-image-preview:large, max-video-preview:-1\" \/>\n<link rel=\"canonical\" href=\"https:\/\/markryden.is\/vara\/minimalism-i\/\" \/>\n<meta property=\"og:locale\" content=\"en_US\" \/>\n<meta property=\"og:type\" content=\"article\" \/>\n<meta property=\"og:title\" content=\"Minimalism I er st\u00e6kkanlegur bakpoki fyrir daglega notkun\" \/>\n<meta property=\"og:description\" content=\"Fallegur bakpoki fyrir a\u00f0 allt a\u00f0 17,3\u2033 fart\u00f6lvur. Bakpokinn er 16 l\u00edtra en st\u00e6kkanlegur \u00ed 22 l\u00edtra. H\u00e1g\u00e6\u00f0a YKK rennil\u00e1sar sem duga mun lengur\" \/>\n<meta property=\"og:url\" content=\"https:\/\/markryden.is\/vara\/minimalism-i\/\" \/>\n<meta property=\"og:site_name\" content=\"Mark Ryden\" \/>\n<meta property=\"article:publisher\" content=\"https:\/\/www.facebook.com\/markrydeniceland\" \/>\n<meta property=\"article:modified_time\" content=\"2026-02-15T19:24:25+00:00\" \/>\n<meta property=\"og:image\" content=\"https:\/\/markryden.is\/wp-content\/uploads\/2025\/09\/L_MR9366_00.jpg\" \/>\n\t<meta property=\"og:image:width\" content=\"600\" \/>\n\t<meta property=\"og:image:height\" content=\"600\" \/>\n\t<meta property=\"og:image:type\" content=\"image\/jpeg\" \/>\n<meta name=\"twitter:card\" content=\"summary_large_image\" \/>\n<meta name=\"twitter:label1\" content=\"Est. reading time\" \/>\n\t<meta name=\"twitter:data1\" content=\"1 minute\" \/>\n<script type=\"application\/ld+json\" class=\"yoast-schema-graph\">{\"@context\":\"https:\\\/\\\/schema.org\",\"@graph\":[{\"@type\":\"WebPage\",\"@id\":\"https:\\\/\\\/markryden.is\\\/vara\\\/minimalism-i\\\/\",\"url\":\"https:\\\/\\\/markryden.is\\\/vara\\\/minimalism-i\\\/\",\"name\":\"Minimalism I er st\u00e6kkanlegur bakpoki fyrir daglega notkun\",\"isPartOf\":{\"@id\":\"https:\\\/\\\/markryden.is\\\/#website\"},\"primaryImageOfPage\":{\"@id\":\"https:\\\/\\\/markryden.is\\\/vara\\\/minimalism-i\\\/#primaryimage\"},\"image\":{\"@id\":\"https:\\\/\\\/markryden.is\\\/vara\\\/minimalism-i\\\/#primaryimage\"},\"thumbnailUrl\":\"https:\\\/\\\/markryden.is\\\/wp-content\\\/uploads\\\/2025\\\/09\\\/L_MR9366_00.jpg\",\"datePublished\":\"2025-09-11T12:00:03+00:00\",\"dateModified\":\"2026-02-15T19:24:25+00:00\",\"description\":\"Fallegur bakpoki fyrir a\u00f0 allt a\u00f0 17,3\u2033 fart\u00f6lvur. Bakpokinn er 16 l\u00edtra en st\u00e6kkanlegur \u00ed 22 l\u00edtra. H\u00e1g\u00e6\u00f0a YKK rennil\u00e1sar sem duga mun lengur\",\"breadcrumb\":{\"@id\":\"https:\\\/\\\/markryden.is\\\/vara\\\/minimalism-i\\\/#breadcrumb\"},\"inLanguage\":\"en-US\",\"potentialAction\":[{\"@type\":\"ReadAction\",\"target\":[\"https:\\\/\\\/markryden.is\\\/vara\\\/minimalism-i\\\/\"]}]},{\"@type\":\"ImageObject\",\"inLanguage\":\"en-US\",\"@id\":\"https:\\\/\\\/markryden.is\\\/vara\\\/minimalism-i\\\/#primaryimage\",\"url\":\"https:\\\/\\\/markryden.is\\\/wp-content\\\/uploads\\\/2025\\\/09\\\/L_MR9366_00.jpg\",\"contentUrl\":\"https:\\\/\\\/markryden.is\\\/wp-content\\\/uploads\\\/2025\\\/09\\\/L_MR9366_00.jpg\",\"width\":600,\"height\":600},{\"@type\":\"BreadcrumbList\",\"@id\":\"https:\\\/\\\/markryden.is\\\/vara\\\/minimalism-i\\\/#breadcrumb\",\"itemListElement\":[{\"@type\":\"ListItem\",\"position\":1,\"name\":\"Home\",\"item\":\"https:\\\/\\\/markryden.is\\\/\"},{\"@type\":\"ListItem\",\"position\":2,\"name\":\"Shop\",\"item\":\"https:\\\/\\\/www.vorulagerinn.is\\\/heildsala\\\/en\\\/shop\\\/\"},{\"@type\":\"ListItem\",\"position\":3,\"name\":\"Minimalism I er st\u00e6kkanlegur bakpoki fyrir daglega notkun\"}]},{\"@type\":\"WebSite\",\"@id\":\"https:\\\/\\\/markryden.is\\\/#website\",\"url\":\"https:\\\/\\\/markryden.is\\\/\",\"name\":\"Mark Ryden\",\"description\":\"H&aacute;g&aelig;&eth;a og vanda&eth;ar t&ouml;skur sem endast\",\"publisher\":{\"@id\":\"https:\\\/\\\/markryden.is\\\/#organization\"},\"potentialAction\":[{\"@type\":\"SearchAction\",\"target\":{\"@type\":\"EntryPoint\",\"urlTemplate\":\"https:\\\/\\\/markryden.is\\\/?s={search_term_string}\"},\"query-input\":{\"@type\":\"PropertyValueSpecification\",\"valueRequired\":true,\"valueName\":\"search_term_string\"}}],\"inLanguage\":\"en-US\"},{\"@type\":\"Organization\",\"@id\":\"https:\\\/\\\/markryden.is\\\/#organization\",\"name\":\"H\u00e1g\u00e6\u00f0a og vanda\u00f0ar v\u00f6rur sem endast\",\"url\":\"https:\\\/\\\/markryden.is\\\/\",\"logo\":{\"@type\":\"ImageObject\",\"inLanguage\":\"en-US\",\"@id\":\"https:\\\/\\\/markryden.is\\\/#\\\/schema\\\/logo\\\/image\\\/\",\"url\":\"https:\\\/\\\/markryden.is\\\/wp-content\\\/uploads\\\/2024\\\/08\\\/66_130x@2x-1.avif\",\"contentUrl\":\"https:\\\/\\\/markryden.is\\\/wp-content\\\/uploads\\\/2024\\\/08\\\/66_130x@2x-1.avif\",\"width\":260,\"height\":74,\"caption\":\"H\u00e1g\u00e6\u00f0a og vanda\u00f0ar v\u00f6rur sem endast\"},\"image\":{\"@id\":\"https:\\\/\\\/markryden.is\\\/#\\\/schema\\\/logo\\\/image\\\/\"},\"sameAs\":[\"https:\\\/\\\/www.facebook.com\\\/markrydeniceland\"]}]}<\/script>\n<!-- \/ Yoast SEO Premium plugin. -->","yoast_head_json":{"title":"Minimalism I er st\u00e6kkanlegur bakpoki fyrir daglega notkun","description":"Fallegur bakpoki fyrir a\u00f0 allt a\u00f0 17,3\u2033 fart\u00f6lvur. Bakpokinn er 16 l\u00edtra en st\u00e6kkanlegur \u00ed 22 l\u00edtra. H\u00e1g\u00e6\u00f0a YKK rennil\u00e1sar sem duga mun lengur","robots":{"index":"index","follow":"follow","max-snippet":"max-snippet:-1","max-image-preview":"max-image-preview:large","max-video-preview":"max-video-preview:-1"},"canonical":"https:\/\/markryden.is\/vara\/minimalism-i\/","og_locale":"en_US","og_type":"article","og_title":"Minimalism I er st\u00e6kkanlegur bakpoki fyrir daglega notkun","og_description":"Fallegur bakpoki fyrir a\u00f0 allt a\u00f0 17,3\u2033 fart\u00f6lvur. Bakpokinn er 16 l\u00edtra en st\u00e6kkanlegur \u00ed 22 l\u00edtra. H\u00e1g\u00e6\u00f0a YKK rennil\u00e1sar sem duga mun lengur","og_url":"https:\/\/markryden.is\/vara\/minimalism-i\/","og_site_name":"Mark Ryden","article_publisher":"https:\/\/www.facebook.com\/markrydeniceland","article_modified_time":"2026-02-15T19:24:25+00:00","og_image":[{"width":600,"height":600,"url":"https:\/\/markryden.is\/wp-content\/uploads\/2025\/09\/L_MR9366_00.jpg","type":"image\/jpeg"}],"twitter_card":"summary_large_image","twitter_misc":{"Est. reading time":"1 minute"},"schema":{"@context":"https:\/\/schema.org","@graph":[{"@type":"WebPage","@id":"https:\/\/markryden.is\/vara\/minimalism-i\/","url":"https:\/\/markryden.is\/vara\/minimalism-i\/","name":"Minimalism I er st\u00e6kkanlegur bakpoki fyrir daglega notkun","isPartOf":{"@id":"https:\/\/markryden.is\/#website"},"primaryImageOfPage":{"@id":"https:\/\/markryden.is\/vara\/minimalism-i\/#primaryimage"},"image":{"@id":"https:\/\/markryden.is\/vara\/minimalism-i\/#primaryimage"},"thumbnailUrl":"https:\/\/markryden.is\/wp-content\/uploads\/2025\/09\/L_MR9366_00.jpg","datePublished":"2025-09-11T12:00:03+00:00","dateModified":"2026-02-15T19:24:25+00:00","description":"Fallegur bakpoki fyrir a\u00f0 allt a\u00f0 17,3\u2033 fart\u00f6lvur. Bakpokinn er 16 l\u00edtra en st\u00e6kkanlegur \u00ed 22 l\u00edtra. H\u00e1g\u00e6\u00f0a YKK rennil\u00e1sar sem duga mun lengur","breadcrumb":{"@id":"https:\/\/markryden.is\/vara\/minimalism-i\/#breadcrumb"},"inLanguage":"en-US","potentialAction":[{"@type":"ReadAction","target":["https:\/\/markryden.is\/vara\/minimalism-i\/"]}]},{"@type":"ImageObject","inLanguage":"en-US","@id":"https:\/\/markryden.is\/vara\/minimalism-i\/#primaryimage","url":"https:\/\/markryden.is\/wp-content\/uploads\/2025\/09\/L_MR9366_00.jpg","contentUrl":"https:\/\/markryden.is\/wp-content\/uploads\/2025\/09\/L_MR9366_00.jpg","width":600,"height":600},{"@type":"BreadcrumbList","@id":"https:\/\/markryden.is\/vara\/minimalism-i\/#breadcrumb","itemListElement":[{"@type":"ListItem","position":1,"name":"Home","item":"https:\/\/markryden.is\/"},{"@type":"ListItem","position":2,"name":"Shop","item":"https:\/\/www.vorulagerinn.is\/heildsala\/en\/shop\/"},{"@type":"ListItem","position":3,"name":"Minimalism I er st\u00e6kkanlegur bakpoki fyrir daglega notkun"}]},{"@type":"WebSite","@id":"https:\/\/markryden.is\/#website","url":"https:\/\/markryden.is\/","name":"Mark Ryden","description":"H&aacute;g&aelig;&eth;a og vanda&eth;ar t&ouml;skur sem endast","publisher":{"@id":"https:\/\/markryden.is\/#organization"},"potentialAction":[{"@type":"SearchAction","target":{"@type":"EntryPoint","urlTemplate":"https:\/\/markryden.is\/?s={search_term_string}"},"query-input":{"@type":"PropertyValueSpecification","valueRequired":true,"valueName":"search_term_string"}}],"inLanguage":"en-US"},{"@type":"Organization","@id":"https:\/\/markryden.is\/#organization","name":"H\u00e1g\u00e6\u00f0a og vanda\u00f0ar v\u00f6rur sem endast","url":"https:\/\/markryden.is\/","logo":{"@type":"ImageObject","inLanguage":"en-US","@id":"https:\/\/markryden.is\/#\/schema\/logo\/image\/","url":"https:\/\/markryden.is\/wp-content\/uploads\/2024\/08\/66_130x@2x-1.avif","contentUrl":"https:\/\/markryden.is\/wp-content\/uploads\/2024\/08\/66_130x@2x-1.avif","width":260,"height":74,"caption":"H\u00e1g\u00e6\u00f0a og vanda\u00f0ar v\u00f6rur sem endast"},"image":{"@id":"https:\/\/markryden.is\/#\/schema\/logo\/image\/"},"sameAs":["https:\/\/www.facebook.com\/markrydeniceland"]}]}},"_links":{"self":[{"href":"https:\/\/markryden.is\/en\/wp-json\/wp\/v2\/product\/24468","targetHints":{"allow":["GET"]}}],"collection":[{"href":"https:\/\/markryden.is\/en\/wp-json\/wp\/v2\/product"}],"about":[{"href":"https:\/\/markryden.is\/en\/wp-json\/wp\/v2\/types\/product"}],"wp:featuredmedia":[{"embeddable":true,"href":"https:\/\/markryden.is\/en\/wp-json\/wp\/v2\/media\/24464"}],"wp:attachment":[{"href":"https:\/\/markryden.is\/en\/wp-json\/wp\/v2\/media?parent=24468"}],"wp:term":[{"taxonomy":"product_brand","embeddable":true,"href":"https:\/\/markryden.is\/en\/wp-json\/wp\/v2\/product_brand?post=24468"},{"taxonomy":"product_cat","embeddable":true,"href":"https:\/\/markryden.is\/en\/wp-json\/wp\/v2\/product_cat?post=24468"},{"taxonomy":"product_tag","embeddable":true,"href":"https:\/\/markryden.is\/en\/wp-json\/wp\/v2\/product_tag?post=24468"}],"curies":[{"name":"wp","href":"https:\/\/api.w.org\/{rel}","templated":true}]}}