{"id":24494,"date":"2026-02-11T12:30:19","date_gmt":"2026-02-11T12:30:19","guid":{"rendered":"https:\/\/markryden.is\/product\/l_mr3101\/"},"modified":"2026-02-11T12:39:19","modified_gmt":"2026-02-11T12:39:19","slug":"l_mr3101","status":"publish","type":"product","link":"https:\/\/markryden.is\/en\/product\/l_mr3101\/","title":{"rendered":"Switchstorage Multi I taskan er vatnsheld, slit\u00feolin me\u00f0 g\u00f3\u00f0u geymslur\u00fdmi"},"content":{"rendered":"<div style=\"width: 960px;\" class=\"wp-video\"><video class=\"wp-video-shortcode\" id=\"video-24494-1\" width=\"960\" height=\"540\" preload=\"metadata\" controls=\"controls\"><source type=\"video\/mp4\" src=\"https:\/\/fodurlandid.is\/wp-content\/uploads\/2026\/02\/MR-3101.mp4?_=1\" \/><a href=\"https:\/\/fodurlandid.is\/wp-content\/uploads\/2026\/02\/MR-3101.mp4\">https:\/\/fodurlandid.is\/wp-content\/uploads\/2026\/02\/MR-3101.mp4<\/a><\/video><\/div>\n","protected":false},"excerpt":{"rendered":"<p>Gl\u00e6sileg vatnsheld og slit\u00feolin taska sem er a\u00f0eins 180 gr\u00f6mm. Taskan er me\u00f0 g\u00f3\u00f0a a\u00f0greiningu \u00ed innra r\u00fdmi sem samanstendur af fj\u00f3rum h\u00f3lfum \u00e1samt fimm opnum v\u00f6sum. Taskan er me\u00f0 h\u00e1g\u00e6\u00f0a YKK rennil\u00e1s sem endist 15x lengur en hef\u00f0bundinn. Rennil\u00e1sinn er talinn s\u00e1 besti \u00ed heimi og er nota\u00f0ur \u00e1 l\u00faxusv\u00f6rur \u00e1 bor\u00f0 vi\u00f0 GUCCI, DIORMCM, LV o.s.frv. Fr\u00e1b\u00e6r taska sem s\u00e9r um sitt. \u00de\u00e1 m\u00e1 l\u00edka nota t\u00f6skuna undir snyrtid\u00f3t.<\/p>\n<p>&#8211; Sj\u00e1 myndband ne\u00f0ar \u00e1 \u00feessari s\u00ed\u00f0u<br \/>\n&#8211; Litur: Svartur<br \/>\n&#8211; St\u00e6r\u00f0: 26 x 15 x 8 cm<br \/>\n&#8211; \u00deyngd: 0,18 kg<br \/>\n&#8211; Efni \u00ed t\u00f6sku: Oxford me\u00f0 PU vatnsheldni<br \/>\n&#8211; H\u00e1g\u00e6\u00f0a YKK rennil\u00e1s<\/p>\n","protected":false},"featured_media":24497,"template":"","meta":[],"product_brand":[],"product_cat":[407],"product_tag":[],"class_list":{"0":"post-24494","1":"product","2":"type-product","3":"status-publish","4":"has-post-thumbnail","6":"product_cat-bakpokar-toskur","8":"first","9":"instock","10":"taxable","11":"shipping-taxable","12":"purchasable","13":"product-type-variable"},"yoast_head":"<!-- This site is optimized with the Yoast SEO Premium plugin v21.5 (Yoast SEO v27.4) - https:\/\/yoast.com\/product\/yoast-seo-premium-wordpress\/ -->\n<title>Switchstorage Multi I taskan er vatnsheld, slit\u00feolin me\u00f0 g\u00f3\u00f0u geymslur\u00fdmi - Mark Ryden<\/title>\n<meta name=\"robots\" content=\"index, follow, max-snippet:-1, max-image-preview:large, max-video-preview:-1\" \/>\n<link rel=\"canonical\" href=\"https:\/\/markryden.is\/vara\/l_mr3101\/\" \/>\n<meta property=\"og:locale\" content=\"en_US\" \/>\n<meta property=\"og:type\" content=\"article\" \/>\n<meta property=\"og:title\" content=\"Switchstorage Multi I taskan er vatnsheld, slit\u00feolin me\u00f0 g\u00f3\u00f0u geymslur\u00fdmi\" \/>\n<meta property=\"og:description\" content=\"Gl\u00e6sileg vatnsheld og slit\u00feolin taska sem er a\u00f0eins 180 gr\u00f6mm. Taskan er me\u00f0 g\u00f3\u00f0a a\u00f0greiningu \u00ed innra r\u00fdmi sem samanstendur af fj\u00f3rum h\u00f3lfum \u00e1samt fimm opnum v\u00f6sum. Taskan er me\u00f0 h\u00e1g\u00e6\u00f0a YKK rennil\u00e1s sem endist 15x lengur en hef\u00f0bundinn. Rennil\u00e1sinn er talinn s\u00e1 besti \u00ed heimi og er nota\u00f0ur \u00e1 l\u00faxusv\u00f6rur \u00e1 bor\u00f0 vi\u00f0 GUCCI, DIORMCM, LV o.s.frv. Fr\u00e1b\u00e6r taska sem s\u00e9r um sitt. \u00de\u00e1 m\u00e1 l\u00edka nota t\u00f6skuna undir snyrtid\u00f3t.  - Sj\u00e1 myndband ne\u00f0ar \u00e1 \u00feessari s\u00ed\u00f0u - Litur: Svartur - St\u00e6r\u00f0: 26 x 15 x 8 cm - \u00deyngd: 0,18 kg - Efni \u00ed t\u00f6sku: Oxford me\u00f0 PU vatnsheldni - H\u00e1g\u00e6\u00f0a YKK rennil\u00e1s\" \/>\n<meta property=\"og:url\" content=\"https:\/\/markryden.is\/vara\/l_mr3101\/\" \/>\n<meta property=\"og:site_name\" content=\"Mark Ryden\" \/>\n<meta property=\"article:publisher\" content=\"https:\/\/www.facebook.com\/markrydeniceland\" \/>\n<meta property=\"article:modified_time\" content=\"2026-02-11T12:39:19+00:00\" \/>\n<meta name=\"twitter:card\" content=\"summary_large_image\" \/>\n<script type=\"application\/ld+json\" class=\"yoast-schema-graph\">{\"@context\":\"https:\\\/\\\/schema.org\",\"@graph\":[{\"@type\":\"WebPage\",\"@id\":\"https:\\\/\\\/markryden.is\\\/vara\\\/l_mr3101\\\/\",\"url\":\"https:\\\/\\\/markryden.is\\\/vara\\\/l_mr3101\\\/\",\"name\":\"Switchstorage Multi I taskan er vatnsheld, slit\u00feolin me\u00f0 g\u00f3\u00f0u geymslur\u00fdmi - Mark Ryden\",\"isPartOf\":{\"@id\":\"https:\\\/\\\/markryden.is\\\/#website\"},\"primaryImageOfPage\":{\"@id\":\"https:\\\/\\\/markryden.is\\\/vara\\\/l_mr3101\\\/#primaryimage\"},\"image\":{\"@id\":\"https:\\\/\\\/markryden.is\\\/vara\\\/l_mr3101\\\/#primaryimage\"},\"thumbnailUrl\":\"https:\\\/\\\/markryden.is\\\/wp-content\\\/uploads\\\/2026\\\/02\\\/MR-3101-Mark-Ryden_-.jpg\",\"datePublished\":\"2026-02-11T12:30:19+00:00\",\"dateModified\":\"2026-02-11T12:39:19+00:00\",\"breadcrumb\":{\"@id\":\"https:\\\/\\\/markryden.is\\\/vara\\\/l_mr3101\\\/#breadcrumb\"},\"inLanguage\":\"en-US\",\"potentialAction\":[{\"@type\":\"ReadAction\",\"target\":[\"https:\\\/\\\/markryden.is\\\/vara\\\/l_mr3101\\\/\"]}]},{\"@type\":\"ImageObject\",\"inLanguage\":\"en-US\",\"@id\":\"https:\\\/\\\/markryden.is\\\/vara\\\/l_mr3101\\\/#primaryimage\",\"url\":\"https:\\\/\\\/markryden.is\\\/wp-content\\\/uploads\\\/2026\\\/02\\\/MR-3101-Mark-Ryden_-.jpg\",\"contentUrl\":\"https:\\\/\\\/markryden.is\\\/wp-content\\\/uploads\\\/2026\\\/02\\\/MR-3101-Mark-Ryden_-.jpg\",\"width\":600,\"height\":600},{\"@type\":\"BreadcrumbList\",\"@id\":\"https:\\\/\\\/markryden.is\\\/vara\\\/l_mr3101\\\/#breadcrumb\",\"itemListElement\":[{\"@type\":\"ListItem\",\"position\":1,\"name\":\"Home\",\"item\":\"https:\\\/\\\/markryden.is\\\/\"},{\"@type\":\"ListItem\",\"position\":2,\"name\":\"Shop\",\"item\":\"https:\\\/\\\/www.vorulagerinn.is\\\/heildsala\\\/en\\\/shop\\\/\"},{\"@type\":\"ListItem\",\"position\":3,\"name\":\"Switchstorage Multi I taskan er vatnsheld, slit\u00feolin me\u00f0 g\u00f3\u00f0u geymslur\u00fdmi\"}]},{\"@type\":\"WebSite\",\"@id\":\"https:\\\/\\\/markryden.is\\\/#website\",\"url\":\"https:\\\/\\\/markryden.is\\\/\",\"name\":\"Mark Ryden\",\"description\":\"H&aacute;g&aelig;&eth;a og vanda&eth;ar t&ouml;skur sem endast\",\"publisher\":{\"@id\":\"https:\\\/\\\/markryden.is\\\/#organization\"},\"potentialAction\":[{\"@type\":\"SearchAction\",\"target\":{\"@type\":\"EntryPoint\",\"urlTemplate\":\"https:\\\/\\\/markryden.is\\\/?s={search_term_string}\"},\"query-input\":{\"@type\":\"PropertyValueSpecification\",\"valueRequired\":true,\"valueName\":\"search_term_string\"}}],\"inLanguage\":\"en-US\"},{\"@type\":\"Organization\",\"@id\":\"https:\\\/\\\/markryden.is\\\/#organization\",\"name\":\"H\u00e1g\u00e6\u00f0a og vanda\u00f0ar v\u00f6rur sem endast\",\"url\":\"https:\\\/\\\/markryden.is\\\/\",\"logo\":{\"@type\":\"ImageObject\",\"inLanguage\":\"en-US\",\"@id\":\"https:\\\/\\\/markryden.is\\\/#\\\/schema\\\/logo\\\/image\\\/\",\"url\":\"https:\\\/\\\/markryden.is\\\/wp-content\\\/uploads\\\/2024\\\/08\\\/66_130x@2x-1.avif\",\"contentUrl\":\"https:\\\/\\\/markryden.is\\\/wp-content\\\/uploads\\\/2024\\\/08\\\/66_130x@2x-1.avif\",\"width\":260,\"height\":74,\"caption\":\"H\u00e1g\u00e6\u00f0a og vanda\u00f0ar v\u00f6rur sem endast\"},\"image\":{\"@id\":\"https:\\\/\\\/markryden.is\\\/#\\\/schema\\\/logo\\\/image\\\/\"},\"sameAs\":[\"https:\\\/\\\/www.facebook.com\\\/markrydeniceland\"]}]}<\/script>\n<!-- \/ Yoast SEO Premium plugin. -->","yoast_head_json":{"title":"Switchstorage Multi I taskan er vatnsheld, slit\u00feolin me\u00f0 g\u00f3\u00f0u geymslur\u00fdmi - Mark Ryden","robots":{"index":"index","follow":"follow","max-snippet":"max-snippet:-1","max-image-preview":"max-image-preview:large","max-video-preview":"max-video-preview:-1"},"canonical":"https:\/\/markryden.is\/vara\/l_mr3101\/","og_locale":"en_US","og_type":"article","og_title":"Switchstorage Multi I taskan er vatnsheld, slit\u00feolin me\u00f0 g\u00f3\u00f0u geymslur\u00fdmi","og_description":"Gl\u00e6sileg vatnsheld og slit\u00feolin taska sem er a\u00f0eins 180 gr\u00f6mm. Taskan er me\u00f0 g\u00f3\u00f0a a\u00f0greiningu \u00ed innra r\u00fdmi sem samanstendur af fj\u00f3rum h\u00f3lfum \u00e1samt fimm opnum v\u00f6sum. Taskan er me\u00f0 h\u00e1g\u00e6\u00f0a YKK rennil\u00e1s sem endist 15x lengur en hef\u00f0bundinn. Rennil\u00e1sinn er talinn s\u00e1 besti \u00ed heimi og er nota\u00f0ur \u00e1 l\u00faxusv\u00f6rur \u00e1 bor\u00f0 vi\u00f0 GUCCI, DIORMCM, LV o.s.frv. Fr\u00e1b\u00e6r taska sem s\u00e9r um sitt. \u00de\u00e1 m\u00e1 l\u00edka nota t\u00f6skuna undir snyrtid\u00f3t.  - Sj\u00e1 myndband ne\u00f0ar \u00e1 \u00feessari s\u00ed\u00f0u - Litur: Svartur - St\u00e6r\u00f0: 26 x 15 x 8 cm - \u00deyngd: 0,18 kg - Efni \u00ed t\u00f6sku: Oxford me\u00f0 PU vatnsheldni - H\u00e1g\u00e6\u00f0a YKK rennil\u00e1s","og_url":"https:\/\/markryden.is\/vara\/l_mr3101\/","og_site_name":"Mark Ryden","article_publisher":"https:\/\/www.facebook.com\/markrydeniceland","article_modified_time":"2026-02-11T12:39:19+00:00","twitter_card":"summary_large_image","schema":{"@context":"https:\/\/schema.org","@graph":[{"@type":"WebPage","@id":"https:\/\/markryden.is\/vara\/l_mr3101\/","url":"https:\/\/markryden.is\/vara\/l_mr3101\/","name":"Switchstorage Multi I taskan er vatnsheld, slit\u00feolin me\u00f0 g\u00f3\u00f0u geymslur\u00fdmi - Mark Ryden","isPartOf":{"@id":"https:\/\/markryden.is\/#website"},"primaryImageOfPage":{"@id":"https:\/\/markryden.is\/vara\/l_mr3101\/#primaryimage"},"image":{"@id":"https:\/\/markryden.is\/vara\/l_mr3101\/#primaryimage"},"thumbnailUrl":"https:\/\/markryden.is\/wp-content\/uploads\/2026\/02\/MR-3101-Mark-Ryden_-.jpg","datePublished":"2026-02-11T12:30:19+00:00","dateModified":"2026-02-11T12:39:19+00:00","breadcrumb":{"@id":"https:\/\/markryden.is\/vara\/l_mr3101\/#breadcrumb"},"inLanguage":"en-US","potentialAction":[{"@type":"ReadAction","target":["https:\/\/markryden.is\/vara\/l_mr3101\/"]}]},{"@type":"ImageObject","inLanguage":"en-US","@id":"https:\/\/markryden.is\/vara\/l_mr3101\/#primaryimage","url":"https:\/\/markryden.is\/wp-content\/uploads\/2026\/02\/MR-3101-Mark-Ryden_-.jpg","contentUrl":"https:\/\/markryden.is\/wp-content\/uploads\/2026\/02\/MR-3101-Mark-Ryden_-.jpg","width":600,"height":600},{"@type":"BreadcrumbList","@id":"https:\/\/markryden.is\/vara\/l_mr3101\/#breadcrumb","itemListElement":[{"@type":"ListItem","position":1,"name":"Home","item":"https:\/\/markryden.is\/"},{"@type":"ListItem","position":2,"name":"Shop","item":"https:\/\/www.vorulagerinn.is\/heildsala\/en\/shop\/"},{"@type":"ListItem","position":3,"name":"Switchstorage Multi I taskan er vatnsheld, slit\u00feolin me\u00f0 g\u00f3\u00f0u geymslur\u00fdmi"}]},{"@type":"WebSite","@id":"https:\/\/markryden.is\/#website","url":"https:\/\/markryden.is\/","name":"Mark Ryden","description":"H&aacute;g&aelig;&eth;a og vanda&eth;ar t&ouml;skur sem endast","publisher":{"@id":"https:\/\/markryden.is\/#organization"},"potentialAction":[{"@type":"SearchAction","target":{"@type":"EntryPoint","urlTemplate":"https:\/\/markryden.is\/?s={search_term_string}"},"query-input":{"@type":"PropertyValueSpecification","valueRequired":true,"valueName":"search_term_string"}}],"inLanguage":"en-US"},{"@type":"Organization","@id":"https:\/\/markryden.is\/#organization","name":"H\u00e1g\u00e6\u00f0a og vanda\u00f0ar v\u00f6rur sem endast","url":"https:\/\/markryden.is\/","logo":{"@type":"ImageObject","inLanguage":"en-US","@id":"https:\/\/markryden.is\/#\/schema\/logo\/image\/","url":"https:\/\/markryden.is\/wp-content\/uploads\/2024\/08\/66_130x@2x-1.avif","contentUrl":"https:\/\/markryden.is\/wp-content\/uploads\/2024\/08\/66_130x@2x-1.avif","width":260,"height":74,"caption":"H\u00e1g\u00e6\u00f0a og vanda\u00f0ar v\u00f6rur sem endast"},"image":{"@id":"https:\/\/markryden.is\/#\/schema\/logo\/image\/"},"sameAs":["https:\/\/www.facebook.com\/markrydeniceland"]}]}},"_links":{"self":[{"href":"https:\/\/markryden.is\/en\/wp-json\/wp\/v2\/product\/24494","targetHints":{"allow":["GET"]}}],"collection":[{"href":"https:\/\/markryden.is\/en\/wp-json\/wp\/v2\/product"}],"about":[{"href":"https:\/\/markryden.is\/en\/wp-json\/wp\/v2\/types\/product"}],"wp:featuredmedia":[{"embeddable":true,"href":"https:\/\/markryden.is\/en\/wp-json\/wp\/v2\/media\/24497"}],"wp:attachment":[{"href":"https:\/\/markryden.is\/en\/wp-json\/wp\/v2\/media?parent=24494"}],"wp:term":[{"taxonomy":"product_brand","embeddable":true,"href":"https:\/\/markryden.is\/en\/wp-json\/wp\/v2\/product_brand?post=24494"},{"taxonomy":"product_cat","embeddable":true,"href":"https:\/\/markryden.is\/en\/wp-json\/wp\/v2\/product_cat?post=24494"},{"taxonomy":"product_tag","embeddable":true,"href":"https:\/\/markryden.is\/en\/wp-json\/wp\/v2\/product_tag?post=24494"}],"curies":[{"name":"wp","href":"https:\/\/api.w.org\/{rel}","templated":true}]}}